{"id":216,"date":"2016-11-04T13:06:42","date_gmt":"2016-11-04T13:06:42","guid":{"rendered":"https:\/\/ecohousearchi.com\/?page_id=216"},"modified":"2024-06-05T19:53:33","modified_gmt":"2024-06-05T17:53:33","slug":"um","status":"publish","type":"page","link":"https:\/\/ecohousearchi.com\/de\/um\/","title":{"rendered":"\u00dcber uns"},"content":{"rendered":"<div data-elementor-type=\"wp-page\" data-elementor-id=\"216\" class=\"elementor elementor-216\" data-elementor-post-type=\"page\">\n\t\t\t\t<div class=\"wd-negative-gap elementor-element elementor-element-5b788d54 e-flex e-con-boxed e-con e-parent\" data-id=\"5b788d54\" data-element_type=\"container\" data-e-type=\"container\">\n\t\t\t\t\t<div class=\"e-con-inner\">\n\t\t\t\t<div class=\"elementor-element elementor-element-4c11cb85 color-scheme-inherit text-left elementor-widget elementor-widget-text-editor\" data-id=\"4c11cb85\" data-element_type=\"widget\" data-e-type=\"widget\" data-widget_type=\"text-editor.default\">\n\t\t\t\t\t\t\t\t\t<p><strong>Einf\u00fchrung in unsere Structures Mobiles et D\u00f4mes<\/strong><\/p>\n<p>Wir haben uns bei der Herstellung von Kuppeln und mobilen Strukturen darauf konzentriert, auf Ihre Bed\u00fcrfnisse mit einem komfortablen und praktischen H\u00e9bergement-Material zu reagieren, um Ihre Identit\u00e4t und den \u00f6kologischen Charakter Ihres Standorts zu bewahren. Unsere innovativen Strukturen basieren auf modernen Architekturtechniken und \u00f6kologischen Garantien und bieten Ihnen ein einzigartiges Lebenserlebnis.<\/p>\n<p><strong>Merkmale der Cl\u00e9s de Nos-Strukturen:<\/strong><\/p>\n<p>1. <strong>Schnelle Ausf\u00fchrung:<\/strong><br \/>\u2013 Unser Bauprozess ist schnell, es ist garantiert, dass Ihre Struktur schnell und zeitsparend ist.<\/p>\n<p><strong>2. Garantie d&#039;\u00c9tanch\u00e9it\u00e9 et d&#039;Isolation Phonique:<\/strong><br \/>\u2013 Wir versichern Ihnen eine vollst\u00e4ndige Etanch\u00e9it\u00e9 und eine klangliche Isolation, wir bieten Ihnen eine sichere und besch\u00fctzte Umgebung.<\/p>\n<p><strong>3. Klimaanpassung:<\/strong><br \/>\u2013 Unsere Strukturen sind so konzipiert, dass sie sich an verschiedene Klimazonen anpassen lassen. Sie umfassen L\u00fcftung, Heizung und Klimaanlage, um den Komfort bei allen Temperaturen zu gew\u00e4hrleisten.<\/p>\n<p><strong>4. Protection de l&#039;Identit\u00e9:<\/strong><br \/>\u2013 Die Installation einer l\u00e4ndlichen Zahlungserlaubnis erm\u00f6glicht es Ihnen, Ihre Identit\u00e4t zu sch\u00fctzen und die Harmonie mit Ihrer Umgebung zu verbessern.<\/p>\n<p><strong>5. Verwendungsm\u00f6glichkeiten:<\/strong><br \/>\u2013 Keine Strukturen sind polyvalent und werden m\u00f6glicherweise von H\u00e4usern, K\u00fcchen, Reisestationen, Campingpl\u00e4tzen, Magazinen usw. genutzt.<\/p>\n<p><strong>6. Abordables f\u00fcr Architektur und Design:<\/strong><br \/>\u2013 Unsere Konzepte und Realisierungen sind in Ihrem Logement-Budget enthalten und garantieren eine gute Arbeitsf\u00e4higkeit ohne Kompromisse bei der Qualit\u00e4t.<\/p>\n<p><strong>7. Evolution:<\/strong><br \/>\u2013 Unsere Strukturen k\u00f6nnen aufgrund ihrer Gr\u00f6\u00dfe und Gr\u00f6\u00dfe f\u00fcr Ihren Bestimmungsort und Ihre Nutzungszwecke vergr\u00f6\u00dfert werden.<\/p>\n<p><strong>8. Verwaltungswirksamkeit:<\/strong><br \/>\u2013 Wir besch\u00e4ftigen uns mit allen erforderlichen Verwaltungsaufgaben, um einen reibungslosen Installationsprozess ohne Verwaltungsaufwand sicherzustellen.<\/p>\n<p><strong>9. Int\u00e9rieurs Personalisables:<\/strong><br \/>\u2013 Wir schlagen das Buch \u00fcber die Basisstruktur in der Premierenphase vor, mit der M\u00f6glichkeit, das Innere nach Ihren W\u00fcnschen und Erfahrungen zu personalisieren.<\/p>\n<p><strong>10. Projektfinanzierung:<\/strong><br \/>\u2013 Wir bieten Ihnen Finanzierungsoptionen an, um Ihnen bei der Konkretisierung Ihres Projekts ohne finanzielle Einschr\u00e4nkungen zu helfen.<\/p>\n<p>Um weitere Informationen zu erhalten oder Ihr Projekt zu planen, wenden Sie sich bitte an uns <strong>0661-218844<\/strong><\/p>\n<p><strong>Pourquoi Choisir Nos Structures ?<\/strong><\/p>\n<p>Unsere Strukturen f\u00fcr Mobilger\u00e4te und H\u00e4user sind nicht nur f\u00fcr den Au\u00dfenbereich gedacht, sondern auch f\u00fcr langlebige Lebensl\u00f6sungen, die sich an Ihren Lebensstil und Ihre gew\u00fcnschte Umgebung anpassen. Bei der Auswahl unserer Produkte investieren Sie in:<\/p>\n<p>&#8211; <strong>Haltbarkeit<\/strong> : \u00d6kologische Materialien und Konstruktionsmethoden, die die Auswirkungen auf die Umwelt minimieren.<br \/>&#8211; <strong>Komfort:<\/strong> Isolierte und widerstandsf\u00e4hige Konzepte bieten einen komfortablen Lebensraum.<br \/>&#8211; <strong>Polyvalenz:<\/strong> Eine gro\u00dfe Auswahl an Anwendungen, die auf verschiedene Anforderungen und Umgebungen reagieren.<br \/>&#8211; <strong>Erschwinglichkeit<\/strong> : Mietl\u00f6sungen ohne Kompromisse bei Qualit\u00e4t und \u00c4sthetik.<\/p>\n<p>Kontaktieren Sie uns vor Kurzem, um die M\u00f6glichkeiten unserer Mobil- und Dombauten zu erkunden, und achten Sie darauf, dass Sie sich zun\u00e4chst einmal in einem praktischen, komfortablen und respektvollen Umfeld aufhalten.<\/p>\t\t\t\t\t\t\t\t<\/div>\n\t\t\t\t\t<\/div>\n\t\t\t\t<\/div>\n\t\t\t\t<\/div>","protected":false},"excerpt":{"rendered":"<p>Einf\u00fchrung in unsere mobilen Strukturen und Kuppeln Wir haben uns einige Gedanken \u00fcber die Herstellung von Kuppeln und mobilen Strukturen gemacht<\/p>","protected":false},"author":2,"featured_media":0,"parent":0,"menu_order":0,"comment_status":"closed","ping_status":"closed","template":"","meta":{"footnotes":""},"class_list":["post-216","page","type-page","status-publish","hentry"],"yoast_head":"<!-- This site is optimized with the Yoast SEO plugin v27.0 - https:\/\/yoast.com\/product\/yoast-seo-wordpress\/ -->\n<title>About Us - Eco House<\/title>\n<meta name=\"robots\" content=\"index, follow, max-snippet:-1, max-image-preview:large, max-video-preview:-1\" \/>\n<link rel=\"canonical\" href=\"https:\/\/ecohousearchi.com\/de\/um\/\" \/>\n<meta property=\"og:locale\" content=\"de_DE\" \/>\n<meta property=\"og:type\" content=\"article\" \/>\n<meta property=\"og:title\" content=\"About Us - Eco House\" \/>\n<meta property=\"og:description\" content=\"Introduction \u00e0 Nos Structures Mobiles et D\u00f4mes Nous sommes fiers de fabriquer des d\u00f4mes et des structures mobiles con\u00e7us pour\" \/>\n<meta property=\"og:url\" content=\"https:\/\/ecohousearchi.com\/de\/um\/\" \/>\n<meta property=\"og:site_name\" content=\"Eco House\" \/>\n<meta property=\"article:modified_time\" content=\"2024-06-05T17:53:33+00:00\" \/>\n<meta name=\"twitter:card\" content=\"summary_large_image\" \/>\n<meta name=\"twitter:label1\" content=\"Gesch\u00e4tzte Lesezeit\" \/>\n\t<meta name=\"twitter:data1\" content=\"2\u00a0Minuten\" \/>\n<script type=\"application\/ld+json\" class=\"yoast-schema-graph\">{\"@context\":\"https:\/\/schema.org\",\"@graph\":[{\"@type\":\"WebPage\",\"@id\":\"https:\/\/ecohousearchi.com\/nl\/over\/\",\"url\":\"https:\/\/ecohousearchi.com\/nl\/over\/\",\"name\":\"About Us - Eco House\",\"isPartOf\":{\"@id\":\"https:\/\/ecohousearchi.com\/#website\"},\"datePublished\":\"2016-11-04T13:06:42+00:00\",\"dateModified\":\"2024-06-05T17:53:33+00:00\",\"breadcrumb\":{\"@id\":\"https:\/\/ecohousearchi.com\/nl\/over\/#breadcrumb\"},\"inLanguage\":\"de\",\"potentialAction\":[{\"@type\":\"ReadAction\",\"target\":[\"https:\/\/ecohousearchi.com\/nl\/over\/\"]}]},{\"@type\":\"BreadcrumbList\",\"@id\":\"https:\/\/ecohousearchi.com\/nl\/over\/#breadcrumb\",\"itemListElement\":[{\"@type\":\"ListItem\",\"position\":1,\"name\":\"Home\",\"item\":\"https:\/\/ecohousearchi.com\/de\/\"},{\"@type\":\"ListItem\",\"position\":2,\"name\":\"About Us\"}]},{\"@type\":\"WebSite\",\"@id\":\"https:\/\/ecohousearchi.com\/#website\",\"url\":\"https:\/\/ecohousearchi.com\/\",\"name\":\"Eco House\",\"description\":\"Green Living Starts Here\",\"publisher\":{\"@id\":\"https:\/\/ecohousearchi.com\/#organization\"},\"potentialAction\":[{\"@type\":\"SearchAction\",\"target\":{\"@type\":\"EntryPoint\",\"urlTemplate\":\"https:\/\/ecohousearchi.com\/?s={search_term_string}\"},\"query-input\":{\"@type\":\"PropertyValueSpecification\",\"valueRequired\":true,\"valueName\":\"search_term_string\"}}],\"inLanguage\":\"de\"},{\"@type\":\"Organization\",\"@id\":\"https:\/\/ecohousearchi.com\/#organization\",\"name\":\"Eco House\",\"url\":\"https:\/\/ecohousearchi.com\/\",\"logo\":{\"@type\":\"ImageObject\",\"inLanguage\":\"de\",\"@id\":\"https:\/\/ecohousearchi.com\/#\/schema\/logo\/image\/\",\"url\":\"https:\/\/ecohousearchi.com\/wp-content\/uploads\/2024\/05\/ecohouselogo-blanc.png\",\"contentUrl\":\"https:\/\/ecohousearchi.com\/wp-content\/uploads\/2024\/05\/ecohouselogo-blanc.png\",\"width\":600,\"height\":400,\"caption\":\"Eco House\"},\"image\":{\"@id\":\"https:\/\/ecohousearchi.com\/#\/schema\/logo\/image\/\"}}]}<\/script>\n<!-- \/ Yoast SEO plugin. -->","yoast_head_json":{"title":"About Us - Eco House","robots":{"index":"index","follow":"follow","max-snippet":"max-snippet:-1","max-image-preview":"max-image-preview:large","max-video-preview":"max-video-preview:-1"},"canonical":"https:\/\/ecohousearchi.com\/de\/um\/","og_locale":"de_DE","og_type":"article","og_title":"About Us - Eco House","og_description":"Introduction \u00e0 Nos Structures Mobiles et D\u00f4mes Nous sommes fiers de fabriquer des d\u00f4mes et des structures mobiles con\u00e7us pour","og_url":"https:\/\/ecohousearchi.com\/de\/um\/","og_site_name":"Eco House","article_modified_time":"2024-06-05T17:53:33+00:00","twitter_card":"summary_large_image","twitter_misc":{"Gesch\u00e4tzte Lesezeit":"2\u00a0Minuten"},"schema":{"@context":"https:\/\/schema.org","@graph":[{"@type":"WebPage","@id":"https:\/\/ecohousearchi.com\/nl\/over\/","url":"https:\/\/ecohousearchi.com\/nl\/over\/","name":"About Us - Eco House","isPartOf":{"@id":"https:\/\/ecohousearchi.com\/#website"},"datePublished":"2016-11-04T13:06:42+00:00","dateModified":"2024-06-05T17:53:33+00:00","breadcrumb":{"@id":"https:\/\/ecohousearchi.com\/nl\/over\/#breadcrumb"},"inLanguage":"de","potentialAction":[{"@type":"ReadAction","target":["https:\/\/ecohousearchi.com\/nl\/over\/"]}]},{"@type":"BreadcrumbList","@id":"https:\/\/ecohousearchi.com\/nl\/over\/#breadcrumb","itemListElement":[{"@type":"ListItem","position":1,"name":"Home","item":"https:\/\/ecohousearchi.com\/de\/"},{"@type":"ListItem","position":2,"name":"About Us"}]},{"@type":"WebSite","@id":"https:\/\/ecohousearchi.com\/#website","url":"https:\/\/ecohousearchi.com\/","name":"\u00d6ko-Haus","description":"Gr\u00fcnes Leben beginnt hier","publisher":{"@id":"https:\/\/ecohousearchi.com\/#organization"},"potentialAction":[{"@type":"SearchAction","target":{"@type":"EntryPoint","urlTemplate":"https:\/\/ecohousearchi.com\/?s={search_term_string}"},"query-input":{"@type":"PropertyValueSpecification","valueRequired":true,"valueName":"search_term_string"}}],"inLanguage":"de"},{"@type":"Organization","@id":"https:\/\/ecohousearchi.com\/#organization","name":"\u00d6ko-Haus","url":"https:\/\/ecohousearchi.com\/","logo":{"@type":"ImageObject","inLanguage":"de","@id":"https:\/\/ecohousearchi.com\/#\/schema\/logo\/image\/","url":"https:\/\/ecohousearchi.com\/wp-content\/uploads\/2024\/05\/ecohouselogo-blanc.png","contentUrl":"https:\/\/ecohousearchi.com\/wp-content\/uploads\/2024\/05\/ecohouselogo-blanc.png","width":600,"height":400,"caption":"Eco House"},"image":{"@id":"https:\/\/ecohousearchi.com\/#\/schema\/logo\/image\/"}}]}},"_links":{"self":[{"href":"https:\/\/ecohousearchi.com\/de\/wp-json\/wp\/v2\/pages\/216","targetHints":{"allow":["GET"]}}],"collection":[{"href":"https:\/\/ecohousearchi.com\/de\/wp-json\/wp\/v2\/pages"}],"about":[{"href":"https:\/\/ecohousearchi.com\/de\/wp-json\/wp\/v2\/types\/page"}],"author":[{"embeddable":true,"href":"https:\/\/ecohousearchi.com\/de\/wp-json\/wp\/v2\/users\/2"}],"replies":[{"embeddable":true,"href":"https:\/\/ecohousearchi.com\/de\/wp-json\/wp\/v2\/comments?post=216"}],"version-history":[{"count":7,"href":"https:\/\/ecohousearchi.com\/de\/wp-json\/wp\/v2\/pages\/216\/revisions"}],"predecessor-version":[{"id":16542,"href":"https:\/\/ecohousearchi.com\/de\/wp-json\/wp\/v2\/pages\/216\/revisions\/16542"}],"wp:attachment":[{"href":"https:\/\/ecohousearchi.com\/de\/wp-json\/wp\/v2\/media?parent=216"}],"curies":[{"name":"wp","href":"https:\/\/api.w.org\/{rel}","templated":true}]}}