{"id":323,"date":"2021-08-27T11:34:33","date_gmt":"2021-08-27T11:34:33","guid":{"rendered":"http:\/\/dummy.xtemos.com\/woodmart2\/elementor\/?post_type=product&amp;p=323"},"modified":"2021-08-27T11:34:33","modified_gmt":"2021-08-27T11:34:33","slug":"panton-tunior-stuhl","status":"publish","type":"product","link":"https:\/\/ecohousearchi.com\/de\/produkt\/panton-tunior-stuhl\/","title":{"rendered":"Panton Tunier Stuhl"},"content":{"rendered":"<div data-elementor-type=\"wp-post\" data-elementor-id=\"323\" class=\"elementor elementor-323\" data-elementor-post-type=\"product\">\n\t\t\t\t<div class=\"wd-negative-gap elementor-element elementor-element-dc525ed e-flex e-con-boxed e-con e-parent\" data-id=\"dc525ed\" data-element_type=\"container\" data-e-type=\"container\">\n\t\t\t\t\t<div class=\"e-con-inner\">\n\t\t<div class=\"elementor-element elementor-element-01b3617 e-con-full e-flex e-con e-child\" data-id=\"01b3617\" data-element_type=\"container\" data-e-type=\"container\">\n\t\t\t\t<div class=\"elementor-element elementor-element-090be9a elementor-widget elementor-widget-wd_text_block\" data-id=\"090be9a\" data-element_type=\"widget\" data-e-type=\"widget\" data-widget_type=\"wd_text_block.default\">\n\t\t\t\t<div class=\"elementor-widget-container\">\n\t\t\t\t\t\t\t<div class=\"wd-text-block reset-last-child text-left\">\n\t\t\t\n\t\t\t<p>Cubilia vestibulum interdum nisl a geb\u00e4rend auctor vestibulum taciti vel bibendum tempor adipiscing suspendisse posuere libero penatibus lorem at interdum tristique iaculis redosan condimentum a ac rutrum mollis consectetur. Die Geburt eines Fahrzeugs beginnt mit der Adipiszierbarkeit und der Geb\u00e4rf\u00e4higkeit wird durch die Adipiszierbarkeit des unteren Gliedma\u00dfens oder der Pulvinar Suscipit Sagittis Facilisis Facilisi Tortor Morbi and Aliquam unterbrochen.<\/p><blockquote><p>Netus nisi volutpat donec condimentum nunc eu sem odio condimentum hendririt nisl mollis scelerisque ad vitae a eu.<\/p><\/blockquote><p>Etiam dictumst congue a non-class risus sed a. Diam adipiscing ein Condimentum in einem Nisl a maecenas libero pharetra tincidunt phasellus justo molestie bibendum. Vestibulum penatibus Vestibulum lobortis vehicula euismod a platea taciti a eget in nec cum eget curabitur justo id enim mi velit at cum. Euer Amt war die Elite einer himmlischen Gesellschaft, die nun bei Pharetra Magna Suscipit war.<\/p>\n\t\t\t\t\t<\/div>\n\t\t\t\t\t\t<\/div>\n\t\t\t\t<\/div>\n\t\t\t\t<\/div>\n\t\t<div class=\"elementor-element elementor-element-5b9142a e-con-full e-flex e-con e-child\" data-id=\"5b9142a\" data-element_type=\"container\" data-e-type=\"container\">\n\t\t\t\t<div class=\"elementor-element elementor-element-bc4ec9d elementor-widget elementor-widget-wd_infobox\" data-id=\"bc4ec9d\" data-element_type=\"widget\" data-e-type=\"widget\" data-widget_type=\"wd_infobox.default\">\n\t\t\t\t<div class=\"elementor-widget-container\">\n\t\t\t\t\t\t\t<div class=\"info-box-wrapper\">\n\t\t\t<div class=\"wd-info-box text-center box-icon-align-top box-style-base color-scheme-\">\n\t\t\t\t\t\t\t\t\t<div class=\"box-icon-wrapper  box-with-icon box-icon-simple\">\n\t\t\t\t\t\t<div class=\"info-box-icon\">\n\t\t\t\t\t\t\t\t\t\t\t\t\t\t\t<div class=\"info-svg-wrapper\" style=\"width:50px; height:50px;\"><img loading=\"lazy\"  title=\"Beratung\" width=\"50\" height=\"50\"><\/div>\t\t\t\t\t\t\t\t\t\t\t\t\t<\/div>\n\t\t\t\t\t<\/div>\n\t\t\t\t\n\t\t\t\t<div class=\"info-box-content\">\n\t\t\t\t\t\n\t\t\t\t\t\t\t\t\t\t\t<h4\t\t\t\t\t\tclass=\"info-box-title title box-title-style-default wd-fontsize-s\" data-elementor-setting-key=\"title\">\n\t\t\t\t\t\t\t\tSAGITTIS MALESUAD\t\t\t\t\t\t<\/h4>\n\t\t\t\t\t\n\t\t\t\t\t<div class=\"info-box-inner reset-last-child\"data-elementor-setting-key=\"content\"><p style=\"text-align: center\">Ridiculus facilisi condimentum Ridiculus tristique nostra litora geb\u00e4rf\u00e4higer Risus<\/p>\n<\/div>\n\n\t\t\t\t\t\t\t\t\t<\/div>\n\n\t\t\t\t\t\t\t\t\t<a href=\"#\" class=\"wd-info-box-link wd-fill\" aria-label=\"Infobox-Link\"><\/a>\n\t\t\t\t\t\t\t<\/div>\n\t\t<\/div>\n\t\t\t\t\t\t<\/div>\n\t\t\t\t<\/div>\n\t\t\t\t<div class=\"elementor-element elementor-element-925f8ae elementor-widget elementor-widget-wd_infobox\" data-id=\"925f8ae\" data-element_type=\"widget\" data-e-type=\"widget\" data-widget_type=\"wd_infobox.default\">\n\t\t\t\t<div class=\"elementor-widget-container\">\n\t\t\t\t\t\t\t<div class=\"info-box-wrapper\">\n\t\t\t<div class=\"wd-info-box text-center box-icon-align-top box-style-base color-scheme-\">\n\t\t\t\t\t\t\t\t\t<div class=\"box-icon-wrapper  box-with-icon box-icon-simple\">\n\t\t\t\t\t\t<div class=\"info-box-icon\">\n\t\t\t\t\t\t\t\t\t\t\t\t\t\t\t<div class=\"info-svg-wrapper\" style=\"width:50px; height:50px;\"><img loading=\"lazy\"  width=\"50\" height=\"50\"><\/div>\t\t\t\t\t\t\t\t\t\t\t\t\t<\/div>\n\t\t\t\t\t<\/div>\n\t\t\t\t\n\t\t\t\t<div class=\"info-box-content\">\n\t\t\t\t\t\n\t\t\t\t\t\t\t\t\t\t\t<h4\t\t\t\t\t\tclass=\"info-box-title title box-title-style-default wd-fontsize-s\" data-elementor-setting-key=\"title\">\n\t\t\t\t\t\t\t\tNISI VOLUTPAT\t\t\t\t\t\t<\/h4>\n\t\t\t\t\t\n\t\t\t\t\t<div class=\"info-box-inner reset-last-child\"data-elementor-setting-key=\"content\"><p style=\"text-align: center\">Ridiculus facilisi condimentum Ridiculus tristique nostra litora geb\u00e4rf\u00e4higer Risus<\/p>\n<\/div>\n\n\t\t\t\t\t\t\t\t\t<\/div>\n\n\t\t\t\t\t\t\t\t\t<a href=\"#\" class=\"wd-info-box-link wd-fill\" aria-label=\"Infobox-Link\"><\/a>\n\t\t\t\t\t\t\t<\/div>\n\t\t<\/div>\n\t\t\t\t\t\t<\/div>\n\t\t\t\t<\/div>\n\t\t\t\t<\/div>\n\t\t<div class=\"elementor-element elementor-element-33979a3 e-con-full e-flex e-con e-child\" data-id=\"33979a3\" data-element_type=\"container\" data-e-type=\"container\">\n\t\t\t\t<div class=\"elementor-element elementor-element-3fca813 elementor-widget elementor-widget-wd_infobox\" data-id=\"3fca813\" data-element_type=\"widget\" data-e-type=\"widget\" data-widget_type=\"wd_infobox.default\">\n\t\t\t\t<div class=\"elementor-widget-container\">\n\t\t\t\t\t\t\t<div class=\"info-box-wrapper\">\n\t\t\t<div class=\"wd-info-box text-center box-icon-align-top box-style-base color-scheme-\">\n\t\t\t\t\t\t\t\t\t<div class=\"box-icon-wrapper  box-with-icon box-icon-simple\">\n\t\t\t\t\t\t<div class=\"info-box-icon\">\n\t\t\t\t\t\t\t\t\t\t\t\t\t\t\t<div class=\"info-svg-wrapper\" style=\"width:50px; height:50px;\"><img loading=\"lazy\"  title=\"Beratung\" width=\"50\" height=\"50\"><\/div>\t\t\t\t\t\t\t\t\t\t\t\t\t<\/div>\n\t\t\t\t\t<\/div>\n\t\t\t\t\n\t\t\t\t<div class=\"info-box-content\">\n\t\t\t\t\t\n\t\t\t\t\t\t\t\t\t\t\t<h4\t\t\t\t\t\tclass=\"info-box-title title box-title-style-default wd-fontsize-s\" data-elementor-setting-key=\"title\">\n\t\t\t\t\t\t\t\tLITORA PARTURIENT\t\t\t\t\t\t<\/h4>\n\t\t\t\t\t\n\t\t\t\t\t<div class=\"info-box-inner reset-last-child\"data-elementor-setting-key=\"content\"><p style=\"text-align: center\">Ridiculus facilisi condimentum Ridiculus tristique nostra litora geb\u00e4rf\u00e4higer Risus<\/p>\n<\/div>\n\n\t\t\t\t\t\t\t\t\t<\/div>\n\n\t\t\t\t\t\t\t\t\t<a href=\"#\" class=\"wd-info-box-link wd-fill\" aria-label=\"Infobox-Link\"><\/a>\n\t\t\t\t\t\t\t<\/div>\n\t\t<\/div>\n\t\t\t\t\t\t<\/div>\n\t\t\t\t<\/div>\n\t\t\t\t<div class=\"elementor-element elementor-element-d0884bb elementor-widget elementor-widget-wd_infobox\" data-id=\"d0884bb\" data-element_type=\"widget\" data-e-type=\"widget\" data-widget_type=\"wd_infobox.default\">\n\t\t\t\t<div class=\"elementor-widget-container\">\n\t\t\t\t\t\t\t<div class=\"info-box-wrapper\">\n\t\t\t<div class=\"wd-info-box text-center box-icon-align-top box-style-base color-scheme-\">\n\t\t\t\t\t\t\t\t\t<div class=\"box-icon-wrapper  box-with-icon box-icon-simple\">\n\t\t\t\t\t\t<div class=\"info-box-icon\">\n\t\t\t\t\t\t\t\t\t\t\t\t\t\t\t<div class=\"info-svg-wrapper\" style=\"width:50px; height:50px;\"><img loading=\"lazy\"  title=\"Architekt\" width=\"50\" height=\"50\"><\/div>\t\t\t\t\t\t\t\t\t\t\t\t\t<\/div>\n\t\t\t\t\t<\/div>\n\t\t\t\t\n\t\t\t\t<div class=\"info-box-content\">\n\t\t\t\t\t\n\t\t\t\t\t\t\t\t\t\t\t<h4\t\t\t\t\t\tclass=\"info-box-title title box-title-style-default wd-fontsize-s\" data-elementor-setting-key=\"title\">\n\t\t\t\t\t\t\t\tTRISTIQUE IACULIS\t\t\t\t\t\t<\/h4>\n\t\t\t\t\t\n\t\t\t\t\t<div class=\"info-box-inner reset-last-child\"data-elementor-setting-key=\"content\"><p style=\"text-align: center\">Ridiculus facilisi condimentum Ridiculus tristique nostra litora geb\u00e4rf\u00e4higer Risus<\/p>\n<\/div>\n\n\t\t\t\t\t\t\t\t\t<\/div>\n\n\t\t\t\t\t\t\t\t\t<a href=\"#\" class=\"wd-info-box-link wd-fill\" aria-label=\"Infobox-Link\"><\/a>\n\t\t\t\t\t\t\t<\/div>\n\t\t<\/div>\n\t\t\t\t\t\t<\/div>\n\t\t\t\t<\/div>\n\t\t\t\t<\/div>\n\t\t\t\t\t<\/div>\n\t\t\t\t<\/div>\n\t\t\t\t<\/div>","protected":false},"excerpt":{"rendered":"<p>Placerat tempor dolor eu leo ullamcorper et big habitant ultrices consectetur arcu nulla mattis fermentum adipiscing a et bibendum sed malesuada eget vestibulum.<\/p>","protected":false},"featured_media":15605,"comment_status":"open","ping_status":"closed","template":"","meta":[],"product_brand":[],"product_cat":[528],"product_tag":[],"class_list":{"0":"post-323","1":"product","2":"type-product","3":"status-publish","4":"has-post-thumbnail","6":"product_cat-clocks","8":"first","9":"instock","10":"shipping-taxable","11":"purchasable","12":"product-type-variable"},"yoast_head":"<!-- This site is optimized with the Yoast SEO plugin v27.0 - https:\/\/yoast.com\/product\/yoast-seo-wordpress\/ -->\n<title>Panton tunior chair - Eco House<\/title>\n<meta name=\"robots\" content=\"index, follow, max-snippet:-1, max-image-preview:large, max-video-preview:-1\" \/>\n<link rel=\"canonical\" href=\"https:\/\/ecohousearchi.com\/de\/produkt\/panton-tunior-stuhl\/\" \/>\n<meta property=\"og:locale\" content=\"de_DE\" \/>\n<meta property=\"og:type\" content=\"article\" \/>\n<meta property=\"og:title\" content=\"Panton tunior chair - Eco House\" \/>\n<meta property=\"og:description\" content=\"Placerat tempor dolor eu leo ullamcorper et magnis habitant ultrices consectetur arcu nulla mattis fermentum adipiscing a et bibendum sed platea malesuada eget vestibulum.\" \/>\n<meta property=\"og:url\" content=\"https:\/\/ecohousearchi.com\/de\/produkt\/panton-tunior-stuhl\/\" \/>\n<meta property=\"og:site_name\" content=\"Eco House\" \/>\n<meta property=\"og:image\" content=\"https:\/\/ecohousearchi.com\/wp-content\/uploads\/2021\/08\/panton-tunior-chair-1.jpg\" \/>\n\t<meta property=\"og:image:width\" content=\"700\" \/>\n\t<meta property=\"og:image:height\" content=\"800\" \/>\n\t<meta property=\"og:image:type\" content=\"image\/jpeg\" \/>\n<meta name=\"twitter:card\" content=\"summary_large_image\" \/>\n<meta name=\"twitter:label1\" content=\"Gesch\u00e4tzte Lesezeit\" \/>\n\t<meta name=\"twitter:data1\" content=\"1\u00a0Minute\" \/>\n<script type=\"application\/ld+json\" class=\"yoast-schema-graph\">{\"@context\":\"https:\/\/schema.org\",\"@graph\":[{\"@type\":\"WebPage\",\"@id\":\"https:\/\/ecohousearchi.com\/produit\/panton-tunior-chair\/\",\"url\":\"https:\/\/ecohousearchi.com\/produit\/panton-tunior-chair\/\",\"name\":\"Panton tunior chair - Eco House\",\"isPartOf\":{\"@id\":\"https:\/\/ecohousearchi.com\/#website\"},\"primaryImageOfPage\":{\"@id\":\"https:\/\/ecohousearchi.com\/produit\/panton-tunior-chair\/#primaryimage\"},\"image\":{\"@id\":\"https:\/\/ecohousearchi.com\/produit\/panton-tunior-chair\/#primaryimage\"},\"thumbnailUrl\":\"https:\/\/ecohousearchi.com\/wp-content\/uploads\/2021\/08\/panton-tunior-chair-1.jpg\",\"datePublished\":\"2021-08-27T11:34:33+00:00\",\"breadcrumb\":{\"@id\":\"https:\/\/ecohousearchi.com\/produit\/panton-tunior-chair\/#breadcrumb\"},\"inLanguage\":\"de\",\"potentialAction\":[{\"@type\":\"ReadAction\",\"target\":[\"https:\/\/ecohousearchi.com\/produit\/panton-tunior-chair\/\"]}]},{\"@type\":\"ImageObject\",\"inLanguage\":\"de\",\"@id\":\"https:\/\/ecohousearchi.com\/produit\/panton-tunior-chair\/#primaryimage\",\"url\":\"https:\/\/ecohousearchi.com\/wp-content\/uploads\/2021\/08\/panton-tunior-chair-1.jpg\",\"contentUrl\":\"https:\/\/ecohousearchi.com\/wp-content\/uploads\/2021\/08\/panton-tunior-chair-1.jpg\",\"width\":700,\"height\":800},{\"@type\":\"BreadcrumbList\",\"@id\":\"https:\/\/ecohousearchi.com\/produit\/panton-tunior-chair\/#breadcrumb\",\"itemListElement\":[{\"@type\":\"ListItem\",\"position\":1,\"name\":\"Home\",\"item\":\"https:\/\/ecohousearchi.com\/de\/\"},{\"@type\":\"ListItem\",\"position\":2,\"name\":\"Shop\",\"item\":\"https:\/\/ecohousearchi.com\/de\/geschaft\/\"},{\"@type\":\"ListItem\",\"position\":3,\"name\":\"Panton tunior chair\"}]},{\"@type\":\"WebSite\",\"@id\":\"https:\/\/ecohousearchi.com\/#website\",\"url\":\"https:\/\/ecohousearchi.com\/\",\"name\":\"Eco House\",\"description\":\"Green Living Starts Here\",\"publisher\":{\"@id\":\"https:\/\/ecohousearchi.com\/#organization\"},\"potentialAction\":[{\"@type\":\"SearchAction\",\"target\":{\"@type\":\"EntryPoint\",\"urlTemplate\":\"https:\/\/ecohousearchi.com\/?s={search_term_string}\"},\"query-input\":{\"@type\":\"PropertyValueSpecification\",\"valueRequired\":true,\"valueName\":\"search_term_string\"}}],\"inLanguage\":\"de\"},{\"@type\":\"Organization\",\"@id\":\"https:\/\/ecohousearchi.com\/#organization\",\"name\":\"Eco House\",\"url\":\"https:\/\/ecohousearchi.com\/\",\"logo\":{\"@type\":\"ImageObject\",\"inLanguage\":\"de\",\"@id\":\"https:\/\/ecohousearchi.com\/#\/schema\/logo\/image\/\",\"url\":\"https:\/\/ecohousearchi.com\/wp-content\/uploads\/2024\/05\/ecohouselogo-blanc.png\",\"contentUrl\":\"https:\/\/ecohousearchi.com\/wp-content\/uploads\/2024\/05\/ecohouselogo-blanc.png\",\"width\":600,\"height\":400,\"caption\":\"Eco House\"},\"image\":{\"@id\":\"https:\/\/ecohousearchi.com\/#\/schema\/logo\/image\/\"}}]}<\/script>\n<!-- \/ Yoast SEO plugin. -->","yoast_head_json":{"title":"Panton tunior chair - Eco House","robots":{"index":"index","follow":"follow","max-snippet":"max-snippet:-1","max-image-preview":"max-image-preview:large","max-video-preview":"max-video-preview:-1"},"canonical":"https:\/\/ecohousearchi.com\/de\/produkt\/panton-tunior-stuhl\/","og_locale":"de_DE","og_type":"article","og_title":"Panton tunior chair - Eco House","og_description":"Placerat tempor dolor eu leo ullamcorper et magnis habitant ultrices consectetur arcu nulla mattis fermentum adipiscing a et bibendum sed platea malesuada eget vestibulum.","og_url":"https:\/\/ecohousearchi.com\/de\/produkt\/panton-tunior-stuhl\/","og_site_name":"Eco House","og_image":[{"width":700,"height":800,"url":"https:\/\/ecohousearchi.com\/wp-content\/uploads\/2021\/08\/panton-tunior-chair-1.jpg","type":"image\/jpeg"}],"twitter_card":"summary_large_image","twitter_misc":{"Gesch\u00e4tzte Lesezeit":"1\u00a0Minute"},"schema":{"@context":"https:\/\/schema.org","@graph":[{"@type":"WebPage","@id":"https:\/\/ecohousearchi.com\/produit\/panton-tunior-chair\/","url":"https:\/\/ecohousearchi.com\/produit\/panton-tunior-chair\/","name":"Panton tunior chair - Eco House","isPartOf":{"@id":"https:\/\/ecohousearchi.com\/#website"},"primaryImageOfPage":{"@id":"https:\/\/ecohousearchi.com\/produit\/panton-tunior-chair\/#primaryimage"},"image":{"@id":"https:\/\/ecohousearchi.com\/produit\/panton-tunior-chair\/#primaryimage"},"thumbnailUrl":"https:\/\/ecohousearchi.com\/wp-content\/uploads\/2021\/08\/panton-tunior-chair-1.jpg","datePublished":"2021-08-27T11:34:33+00:00","breadcrumb":{"@id":"https:\/\/ecohousearchi.com\/produit\/panton-tunior-chair\/#breadcrumb"},"inLanguage":"de","potentialAction":[{"@type":"ReadAction","target":["https:\/\/ecohousearchi.com\/produit\/panton-tunior-chair\/"]}]},{"@type":"ImageObject","inLanguage":"de","@id":"https:\/\/ecohousearchi.com\/produit\/panton-tunior-chair\/#primaryimage","url":"https:\/\/ecohousearchi.com\/wp-content\/uploads\/2021\/08\/panton-tunior-chair-1.jpg","contentUrl":"https:\/\/ecohousearchi.com\/wp-content\/uploads\/2021\/08\/panton-tunior-chair-1.jpg","width":700,"height":800},{"@type":"BreadcrumbList","@id":"https:\/\/ecohousearchi.com\/produit\/panton-tunior-chair\/#breadcrumb","itemListElement":[{"@type":"ListItem","position":1,"name":"Home","item":"https:\/\/ecohousearchi.com\/de\/"},{"@type":"ListItem","position":2,"name":"Shop","item":"https:\/\/ecohousearchi.com\/de\/geschaft\/"},{"@type":"ListItem","position":3,"name":"Panton tunior chair"}]},{"@type":"WebSite","@id":"https:\/\/ecohousearchi.com\/#website","url":"https:\/\/ecohousearchi.com\/","name":"\u00d6ko-Haus","description":"Gr\u00fcnes Leben beginnt hier","publisher":{"@id":"https:\/\/ecohousearchi.com\/#organization"},"potentialAction":[{"@type":"SearchAction","target":{"@type":"EntryPoint","urlTemplate":"https:\/\/ecohousearchi.com\/?s={search_term_string}"},"query-input":{"@type":"PropertyValueSpecification","valueRequired":true,"valueName":"search_term_string"}}],"inLanguage":"de"},{"@type":"Organization","@id":"https:\/\/ecohousearchi.com\/#organization","name":"\u00d6ko-Haus","url":"https:\/\/ecohousearchi.com\/","logo":{"@type":"ImageObject","inLanguage":"de","@id":"https:\/\/ecohousearchi.com\/#\/schema\/logo\/image\/","url":"https:\/\/ecohousearchi.com\/wp-content\/uploads\/2024\/05\/ecohouselogo-blanc.png","contentUrl":"https:\/\/ecohousearchi.com\/wp-content\/uploads\/2024\/05\/ecohouselogo-blanc.png","width":600,"height":400,"caption":"Eco House"},"image":{"@id":"https:\/\/ecohousearchi.com\/#\/schema\/logo\/image\/"}}]}},"_links":{"self":[{"href":"https:\/\/ecohousearchi.com\/de\/wp-json\/wp\/v2\/product\/323","targetHints":{"allow":["GET"]}}],"collection":[{"href":"https:\/\/ecohousearchi.com\/de\/wp-json\/wp\/v2\/product"}],"about":[{"href":"https:\/\/ecohousearchi.com\/de\/wp-json\/wp\/v2\/types\/product"}],"replies":[{"embeddable":true,"href":"https:\/\/ecohousearchi.com\/de\/wp-json\/wp\/v2\/comments?post=323"}],"version-history":[{"count":0,"href":"https:\/\/ecohousearchi.com\/de\/wp-json\/wp\/v2\/product\/323\/revisions"}],"wp:featuredmedia":[{"embeddable":true,"href":"https:\/\/ecohousearchi.com\/de\/wp-json\/wp\/v2\/media\/15605"}],"wp:attachment":[{"href":"https:\/\/ecohousearchi.com\/de\/wp-json\/wp\/v2\/media?parent=323"}],"wp:term":[{"taxonomy":"product_brand","embeddable":true,"href":"https:\/\/ecohousearchi.com\/de\/wp-json\/wp\/v2\/product_brand?post=323"},{"taxonomy":"product_cat","embeddable":true,"href":"https:\/\/ecohousearchi.com\/de\/wp-json\/wp\/v2\/product_cat?post=323"},{"taxonomy":"product_tag","embeddable":true,"href":"https:\/\/ecohousearchi.com\/de\/wp-json\/wp\/v2\/product_tag?post=323"}],"curies":[{"name":"wp","href":"https:\/\/api.w.org\/{rel}","templated":true}]}}