{"id":381,"date":"2021-08-27T12:02:01","date_gmt":"2021-08-27T12:02:01","guid":{"rendered":"http:\/\/dummy.xtemos.com\/woodmart2\/elementor\/?post_type=product&amp;p=381"},"modified":"2021-08-27T12:02:01","modified_gmt":"2021-08-27T12:02:01","slug":"eames-kunststoff-seitenstuhl","status":"publish","type":"product","link":"https:\/\/ecohousearchi.com\/de\/produkt\/eames-kunststoff-seitenstuhl\/","title":{"rendered":"Eames Plastic Side Chair"},"content":{"rendered":"<div data-elementor-type=\"wp-post\" data-elementor-id=\"381\" class=\"elementor elementor-381\" data-elementor-post-type=\"product\">\n\t\t\t\t<div class=\"wd-negative-gap elementor-element elementor-element-2f0d357 e-flex e-con-boxed e-con e-parent\" data-id=\"2f0d357\" data-element_type=\"container\" data-e-type=\"container\">\n\t\t\t\t\t<div class=\"e-con-inner\">\n\t\t\t\t<div class=\"elementor-element elementor-element-fbaa851 elementor-widget__width-initial elementor-widget elementor-widget-wd_text_block\" data-id=\"fbaa851\" data-element_type=\"widget\" data-e-type=\"widget\" data-widget_type=\"wd_text_block.default\">\n\t\t\t\t<div class=\"elementor-widget-container\">\n\t\t\t\t\t\t\t<div class=\"wd-text-block reset-last-child text-left\">\n\t\t\t\n\t\t\t<h3>IMPERDIET HIMENAEOS MATTIS<\/h3><p>Als wir von Anfang an lebten, war es kein Bogen und das Diktum, dass die Elite vor der geplanten Freiberuflerin nicht in einer Phase der Suspendierung in der EU suspendiert werden musste. Dapibus congue libero sem an diesem adipiscing geb\u00e4renden Eros diam geb\u00e4rf\u00e4higen sodales consectetur quis.<\/p><blockquote><p>Konsequat blandit a ullamcorper vestibulum feugiat eu a parturient ante at facilisi suscipit quis gravida tempor fringilla etiam dolor id suspendisse adipiscing natoque scelerisque es vivamus sed massa.<\/p><\/blockquote><p>A sodales hac dolor parturient tincidunt dictumst a condimentum nunc auctor parturient a nibh dis a vestibulum arcu a a. Urna rhoncus eleifend geb\u00e4rend condimentum et vulputate nunc. Ut dolor condimentum hendrerit non mattis a commodo sociis mi nec rutrum geb\u00e4rf\u00e4higen litora.<\/p>\n\t\t\t\t\t<\/div>\n\t\t\t\t\t\t<\/div>\n\t\t\t\t<\/div>\n\t\t\t\t<div class=\"elementor-element elementor-element-da6c73c elementor-widget__width-initial elementor-widget elementor-widget-wd_image_or_svg\" data-id=\"da6c73c\" data-element_type=\"widget\" data-e-type=\"widget\" data-widget_type=\"wd_image_or_svg.default\">\n\t\t\t\t<div class=\"elementor-widget-container\">\n\t\t\t\t\t\n\t\t<div class=\"wd-image text-left\">\n\t\t\t\t\t\t\t\t<img fetchpriority=\"high\" decoding=\"async\" width=\"750\" height=\"373\" src=\"https:\/\/ecohousearchi.com\/wp-content\/uploads\/2021\/08\/wooden-single-drawer-2-1.jpg\" class=\"attachment-full size-full\" alt=\"\" srcset=\"https:\/\/ecohousearchi.com\/wp-content\/uploads\/2021\/08\/wooden-single-drawer-2-1.jpg 750w, https:\/\/ecohousearchi.com\/wp-content\/uploads\/2021\/08\/wooden-single-drawer-2-1-430x214.jpg 430w, https:\/\/ecohousearchi.com\/wp-content\/uploads\/2021\/08\/wooden-single-drawer-2-1-150x75.jpg 150w, https:\/\/ecohousearchi.com\/wp-content\/uploads\/2021\/08\/wooden-single-drawer-2-1-700x348.jpg 700w\" sizes=\"(max-width: 750px) 100vw, 750px\" \/>\t\t\t\t\t<\/div>\n\n\t\t\t\t\t\t<\/div>\n\t\t\t\t<\/div>\n\t\t\t\t\t<\/div>\n\t\t\t\t<\/div>\n\t\t\t\t<\/div>","protected":false},"excerpt":{"rendered":"<p>Konsequat a scelerisque suspendisse vel et eget eu vitae adipiscing nibh scelerisque semper with adipiscing facilisis adipiscing est accumsan lorem vestibulum. Aliquet muss ein geeigneter ullam corper metus accumsan sein. Habitasse a purus nec ipsum a urna ac ullamcorper varius metus blandit posuere.<\/p>","protected":false},"featured_media":382,"comment_status":"open","ping_status":"closed","template":"","meta":[],"product_brand":[],"product_cat":[532],"product_tag":[],"class_list":{"0":"post-381","1":"product","2":"type-product","3":"status-publish","4":"has-post-thumbnail","6":"product_cat-furniture","8":"first","9":"instock","10":"shipping-taxable","11":"purchasable","12":"product-type-variable"},"yoast_head":"<!-- This site is optimized with the Yoast SEO plugin v27.0 - https:\/\/yoast.com\/product\/yoast-seo-wordpress\/ -->\n<title>Eames plastic side chair - Eco House<\/title>\n<meta name=\"robots\" content=\"index, follow, max-snippet:-1, max-image-preview:large, max-video-preview:-1\" \/>\n<link rel=\"canonical\" href=\"https:\/\/ecohousearchi.com\/de\/produkt\/eames-kunststoff-seitenstuhl\/\" \/>\n<meta property=\"og:locale\" content=\"de_DE\" \/>\n<meta property=\"og:type\" content=\"article\" \/>\n<meta property=\"og:title\" content=\"Eames plastic side chair - Eco House\" \/>\n<meta property=\"og:description\" content=\"Consequat a scelerisque suspendisse vel et eget eu vitae adipiscing nibh scelerisque semper cum adipiscing facilisis adipiscing est accumsan lorem vestibulum. Aliquet mus a aptent ullam corper metus accumsan. Habitasse a purus nec ipsum a urna ac ullamcorper varius metus blandit posuere.\" \/>\n<meta property=\"og:url\" content=\"https:\/\/ecohousearchi.com\/de\/produkt\/eames-kunststoff-seitenstuhl\/\" \/>\n<meta property=\"og:site_name\" content=\"Eco House\" \/>\n<meta property=\"og:image\" content=\"https:\/\/ecohousearchi.com\/wp-content\/uploads\/2021\/08\/eames-plastic-side-chair-1.jpg\" \/>\n\t<meta property=\"og:image:width\" content=\"700\" \/>\n\t<meta property=\"og:image:height\" content=\"800\" \/>\n\t<meta property=\"og:image:type\" content=\"image\/jpeg\" \/>\n<meta name=\"twitter:card\" content=\"summary_large_image\" \/>\n<meta name=\"twitter:label1\" content=\"Gesch\u00e4tzte Lesezeit\" \/>\n\t<meta name=\"twitter:data1\" content=\"1\u00a0Minute\" \/>\n<script type=\"application\/ld+json\" class=\"yoast-schema-graph\">{\"@context\":\"https:\/\/schema.org\",\"@graph\":[{\"@type\":\"WebPage\",\"@id\":\"https:\/\/ecohousearchi.com\/produit\/eames-plastic-side-chair\/\",\"url\":\"https:\/\/ecohousearchi.com\/produit\/eames-plastic-side-chair\/\",\"name\":\"Eames plastic side chair - Eco House\",\"isPartOf\":{\"@id\":\"https:\/\/ecohousearchi.com\/#website\"},\"primaryImageOfPage\":{\"@id\":\"https:\/\/ecohousearchi.com\/produit\/eames-plastic-side-chair\/#primaryimage\"},\"image\":{\"@id\":\"https:\/\/ecohousearchi.com\/produit\/eames-plastic-side-chair\/#primaryimage\"},\"thumbnailUrl\":\"https:\/\/ecohousearchi.com\/wp-content\/uploads\/2021\/08\/eames-plastic-side-chair-1.jpg\",\"datePublished\":\"2021-08-27T12:02:01+00:00\",\"breadcrumb\":{\"@id\":\"https:\/\/ecohousearchi.com\/produit\/eames-plastic-side-chair\/#breadcrumb\"},\"inLanguage\":\"de\",\"potentialAction\":[{\"@type\":\"ReadAction\",\"target\":[\"https:\/\/ecohousearchi.com\/produit\/eames-plastic-side-chair\/\"]}]},{\"@type\":\"ImageObject\",\"inLanguage\":\"de\",\"@id\":\"https:\/\/ecohousearchi.com\/produit\/eames-plastic-side-chair\/#primaryimage\",\"url\":\"https:\/\/ecohousearchi.com\/wp-content\/uploads\/2021\/08\/eames-plastic-side-chair-1.jpg\",\"contentUrl\":\"https:\/\/ecohousearchi.com\/wp-content\/uploads\/2021\/08\/eames-plastic-side-chair-1.jpg\",\"width\":700,\"height\":800},{\"@type\":\"BreadcrumbList\",\"@id\":\"https:\/\/ecohousearchi.com\/produit\/eames-plastic-side-chair\/#breadcrumb\",\"itemListElement\":[{\"@type\":\"ListItem\",\"position\":1,\"name\":\"Home\",\"item\":\"https:\/\/ecohousearchi.com\/de\/\"},{\"@type\":\"ListItem\",\"position\":2,\"name\":\"Shop\",\"item\":\"https:\/\/ecohousearchi.com\/de\/geschaft\/\"},{\"@type\":\"ListItem\",\"position\":3,\"name\":\"Eames plastic side chair\"}]},{\"@type\":\"WebSite\",\"@id\":\"https:\/\/ecohousearchi.com\/#website\",\"url\":\"https:\/\/ecohousearchi.com\/\",\"name\":\"Eco House\",\"description\":\"Green Living Starts Here\",\"publisher\":{\"@id\":\"https:\/\/ecohousearchi.com\/#organization\"},\"potentialAction\":[{\"@type\":\"SearchAction\",\"target\":{\"@type\":\"EntryPoint\",\"urlTemplate\":\"https:\/\/ecohousearchi.com\/?s={search_term_string}\"},\"query-input\":{\"@type\":\"PropertyValueSpecification\",\"valueRequired\":true,\"valueName\":\"search_term_string\"}}],\"inLanguage\":\"de\"},{\"@type\":\"Organization\",\"@id\":\"https:\/\/ecohousearchi.com\/#organization\",\"name\":\"Eco House\",\"url\":\"https:\/\/ecohousearchi.com\/\",\"logo\":{\"@type\":\"ImageObject\",\"inLanguage\":\"de\",\"@id\":\"https:\/\/ecohousearchi.com\/#\/schema\/logo\/image\/\",\"url\":\"https:\/\/ecohousearchi.com\/wp-content\/uploads\/2024\/05\/ecohouselogo-blanc.png\",\"contentUrl\":\"https:\/\/ecohousearchi.com\/wp-content\/uploads\/2024\/05\/ecohouselogo-blanc.png\",\"width\":600,\"height\":400,\"caption\":\"Eco House\"},\"image\":{\"@id\":\"https:\/\/ecohousearchi.com\/#\/schema\/logo\/image\/\"}}]}<\/script>\n<!-- \/ Yoast SEO plugin. -->","yoast_head_json":{"title":"Eames plastic side chair - Eco House","robots":{"index":"index","follow":"follow","max-snippet":"max-snippet:-1","max-image-preview":"max-image-preview:large","max-video-preview":"max-video-preview:-1"},"canonical":"https:\/\/ecohousearchi.com\/de\/produkt\/eames-kunststoff-seitenstuhl\/","og_locale":"de_DE","og_type":"article","og_title":"Eames plastic side chair - Eco House","og_description":"Consequat a scelerisque suspendisse vel et eget eu vitae adipiscing nibh scelerisque semper cum adipiscing facilisis adipiscing est accumsan lorem vestibulum. Aliquet mus a aptent ullam corper metus accumsan. Habitasse a purus nec ipsum a urna ac ullamcorper varius metus blandit posuere.","og_url":"https:\/\/ecohousearchi.com\/de\/produkt\/eames-kunststoff-seitenstuhl\/","og_site_name":"Eco House","og_image":[{"width":700,"height":800,"url":"https:\/\/ecohousearchi.com\/wp-content\/uploads\/2021\/08\/eames-plastic-side-chair-1.jpg","type":"image\/jpeg"}],"twitter_card":"summary_large_image","twitter_misc":{"Gesch\u00e4tzte Lesezeit":"1\u00a0Minute"},"schema":{"@context":"https:\/\/schema.org","@graph":[{"@type":"WebPage","@id":"https:\/\/ecohousearchi.com\/produit\/eames-plastic-side-chair\/","url":"https:\/\/ecohousearchi.com\/produit\/eames-plastic-side-chair\/","name":"Eames plastic side chair - Eco House","isPartOf":{"@id":"https:\/\/ecohousearchi.com\/#website"},"primaryImageOfPage":{"@id":"https:\/\/ecohousearchi.com\/produit\/eames-plastic-side-chair\/#primaryimage"},"image":{"@id":"https:\/\/ecohousearchi.com\/produit\/eames-plastic-side-chair\/#primaryimage"},"thumbnailUrl":"https:\/\/ecohousearchi.com\/wp-content\/uploads\/2021\/08\/eames-plastic-side-chair-1.jpg","datePublished":"2021-08-27T12:02:01+00:00","breadcrumb":{"@id":"https:\/\/ecohousearchi.com\/produit\/eames-plastic-side-chair\/#breadcrumb"},"inLanguage":"de","potentialAction":[{"@type":"ReadAction","target":["https:\/\/ecohousearchi.com\/produit\/eames-plastic-side-chair\/"]}]},{"@type":"ImageObject","inLanguage":"de","@id":"https:\/\/ecohousearchi.com\/produit\/eames-plastic-side-chair\/#primaryimage","url":"https:\/\/ecohousearchi.com\/wp-content\/uploads\/2021\/08\/eames-plastic-side-chair-1.jpg","contentUrl":"https:\/\/ecohousearchi.com\/wp-content\/uploads\/2021\/08\/eames-plastic-side-chair-1.jpg","width":700,"height":800},{"@type":"BreadcrumbList","@id":"https:\/\/ecohousearchi.com\/produit\/eames-plastic-side-chair\/#breadcrumb","itemListElement":[{"@type":"ListItem","position":1,"name":"Home","item":"https:\/\/ecohousearchi.com\/de\/"},{"@type":"ListItem","position":2,"name":"Shop","item":"https:\/\/ecohousearchi.com\/de\/geschaft\/"},{"@type":"ListItem","position":3,"name":"Eames plastic side chair"}]},{"@type":"WebSite","@id":"https:\/\/ecohousearchi.com\/#website","url":"https:\/\/ecohousearchi.com\/","name":"\u00d6ko-Haus","description":"Gr\u00fcnes Leben beginnt hier","publisher":{"@id":"https:\/\/ecohousearchi.com\/#organization"},"potentialAction":[{"@type":"SearchAction","target":{"@type":"EntryPoint","urlTemplate":"https:\/\/ecohousearchi.com\/?s={search_term_string}"},"query-input":{"@type":"PropertyValueSpecification","valueRequired":true,"valueName":"search_term_string"}}],"inLanguage":"de"},{"@type":"Organization","@id":"https:\/\/ecohousearchi.com\/#organization","name":"\u00d6ko-Haus","url":"https:\/\/ecohousearchi.com\/","logo":{"@type":"ImageObject","inLanguage":"de","@id":"https:\/\/ecohousearchi.com\/#\/schema\/logo\/image\/","url":"https:\/\/ecohousearchi.com\/wp-content\/uploads\/2024\/05\/ecohouselogo-blanc.png","contentUrl":"https:\/\/ecohousearchi.com\/wp-content\/uploads\/2024\/05\/ecohouselogo-blanc.png","width":600,"height":400,"caption":"Eco House"},"image":{"@id":"https:\/\/ecohousearchi.com\/#\/schema\/logo\/image\/"}}]}},"_links":{"self":[{"href":"https:\/\/ecohousearchi.com\/de\/wp-json\/wp\/v2\/product\/381","targetHints":{"allow":["GET"]}}],"collection":[{"href":"https:\/\/ecohousearchi.com\/de\/wp-json\/wp\/v2\/product"}],"about":[{"href":"https:\/\/ecohousearchi.com\/de\/wp-json\/wp\/v2\/types\/product"}],"replies":[{"embeddable":true,"href":"https:\/\/ecohousearchi.com\/de\/wp-json\/wp\/v2\/comments?post=381"}],"version-history":[{"count":0,"href":"https:\/\/ecohousearchi.com\/de\/wp-json\/wp\/v2\/product\/381\/revisions"}],"wp:featuredmedia":[{"embeddable":true,"href":"https:\/\/ecohousearchi.com\/de\/wp-json\/wp\/v2\/media\/382"}],"wp:attachment":[{"href":"https:\/\/ecohousearchi.com\/de\/wp-json\/wp\/v2\/media?parent=381"}],"wp:term":[{"taxonomy":"product_brand","embeddable":true,"href":"https:\/\/ecohousearchi.com\/de\/wp-json\/wp\/v2\/product_brand?post=381"},{"taxonomy":"product_cat","embeddable":true,"href":"https:\/\/ecohousearchi.com\/de\/wp-json\/wp\/v2\/product_cat?post=381"},{"taxonomy":"product_tag","embeddable":true,"href":"https:\/\/ecohousearchi.com\/de\/wp-json\/wp\/v2\/product_tag?post=381"}],"curies":[{"name":"wp","href":"https:\/\/api.w.org\/{rel}","templated":true}]}}