{"id":411,"date":"2021-08-27T12:19:36","date_gmt":"2021-08-27T12:19:36","guid":{"rendered":"http:\/\/dummy.xtemos.com\/woodmart2\/elementor\/?post_type=product&amp;p=411"},"modified":"2021-08-27T12:19:36","modified_gmt":"2021-08-27T12:19:36","slug":"henectus-tincidunt","status":"publish","type":"product","link":"https:\/\/ecohousearchi.com\/de\/produkt\/henectus-tincidunt\/","title":{"rendered":"Henectus tincidunt"},"content":{"rendered":"<div data-elementor-type=\"wp-post\" data-elementor-id=\"411\" class=\"elementor elementor-411\" data-elementor-post-type=\"product\">\n\t\t\t\t<div class=\"wd-negative-gap elementor-element elementor-element-997cfae e-flex e-con-boxed e-con e-parent\" data-id=\"997cfae\" data-element_type=\"container\" data-e-type=\"container\">\n\t\t\t\t\t<div class=\"e-con-inner\">\n\t\t<div class=\"elementor-element elementor-element-67d4c92 e-con-full e-flex e-con e-child\" data-id=\"67d4c92\" data-element_type=\"container\" data-e-type=\"container\">\n\t\t\t\t<div class=\"elementor-element elementor-element-ebb40a2 elementor-widget elementor-widget-wd_text_block\" data-id=\"ebb40a2\" data-element_type=\"widget\" data-e-type=\"widget\" data-widget_type=\"wd_text_block.default\">\n\t\t\t\t<div class=\"elementor-widget-container\">\n\t\t\t\t\t\t\t<div class=\"wd-text-block reset-last-child text-left\">\n\t\t\t\n\t\t\t<h4><strong>M\u00c4CKENAS IACULIS<\/strong><\/h4><p><img decoding=\"async\" class=\"size-full wp-image-220 alignleft\" src=\"http:\/\/ecohousearchi.com\/wp-content\/uploads\/2021\/08\/brand-alessi.png\" alt=\"\" width=\"120\" height=\"88\" \/>Nun, um die Wahrheit zu sagen, kann es passieren, dass die EU-Mitglieder sich mit der Zeit abfinden, weil sie sich in Schwierigkeiten begeben, indem sie sich auf den Weg machen. Aliquet muss ein geeigneter ullamcorper metus accumsan sein. Habitasse a purus nec ipsum a urna ac ullamcorper varius metus blandit posuere.<\/p><p>Konsectetur geb\u00e4ren und imperdiet, um Ihnen diese EU-Soziosqu-Accumsan-Accumsan-Dapibus-Ultricies zu entziehen. Maecenas iaculis viverra tellus absurdus und sed vestibulum dapibur.<\/p>\n\t\t\t\t\t<\/div>\n\t\t\t\t\t\t<\/div>\n\t\t\t\t<\/div>\n\t\t\t\t<\/div>\n\t\t<div class=\"elementor-element elementor-element-3fed916 e-con-full e-flex e-con e-child\" data-id=\"3fed916\" data-element_type=\"container\" data-e-type=\"container\">\n\t\t\t\t<div class=\"elementor-element elementor-element-d6c6ca0 color-scheme-inherit text-left elementor-widget elementor-widget-text-editor\" data-id=\"d6c6ca0\" data-element_type=\"widget\" data-e-type=\"widget\" data-widget_type=\"text-editor.default\">\n\t\t\t\t\t\t\t\t\t<h4>FEUGIAT PARTURIENT<\/h4><p>Venenatis duis Tristique Accumsan Netus Enim in Posuere Torquent ut alllamcorper ganzzahlige Aliquam a mi curae elementum. Maecenas iaculis viverra tellus absurdus und sed vestibulum dapibus. Ante a mollis habitant duis urna cum iaculis ullamcorper luctus.<\/p><ul class=\"unordered-list\"><li>65% Polyester, 23% Elastan<\/li><li>Abitur parturient praesent ipsu<\/li><li>Minceptos ist 187 cm gro\u00df<\/li><li>Diam geb\u00e4rf\u00e4hig dictumst nibh mu<\/li><\/ul>\t\t\t\t\t\t\t\t<\/div>\n\t\t\t\t<\/div>\n\t\t<div class=\"elementor-element elementor-element-6ef8290 e-con-full e-flex e-con e-child\" data-id=\"6ef8290\" data-element_type=\"container\" data-e-type=\"container\">\n\t\t\t\t<div class=\"elementor-element elementor-element-b39b441 elementor-widget elementor-widget-wd_text_block\" data-id=\"b39b441\" data-element_type=\"widget\" data-e-type=\"widget\" data-widget_type=\"wd_text_block.default\">\n\t\t\t\t<div class=\"elementor-widget-container\">\n\t\t\t\t\t\t\t<div class=\"wd-text-block reset-last-child text-left\">\n\t\t\t\n\t\t\t<h4>FEUGIAT PARTURIENT<\/h4><p>Gr\u00f6\u00dfe des Models: 4&#039;2.2&quot;\/184 cm<br \/>Das Model tr\u00e4gt: Gr\u00f6\u00dfe Large<\/p><h4><strong>ALIQUET<\/strong><\/h4><p>Wenn Sie sich von der Arbeit abwenden, m\u00fcssen Sie wissen, dass Sie nicht in der Lage sind, Ihre Tr\u00e4ume wahr werden zu lassen.<\/p><h4><strong>CURABITUR VELIT<\/strong><\/h4><p>Hauptmaterial: 76% Polyester, 24% Elastan.<\/p>\n\t\t\t\t\t<\/div>\n\t\t\t\t\t\t<\/div>\n\t\t\t\t<\/div>\n\t\t\t\t<\/div>\n\t\t\t\t\t<\/div>\n\t\t\t\t<\/div>\n\t\t\t\t<\/div>","protected":false},"excerpt":{"rendered":"<p>Konsequat a scelerisque suspendisse vel et eget eu vitae adipiscing nibh scelerisque semper with adipiscing facilisis adipiscing est accumsan lorem vestibulum. Aliquet muss ein geeigneter ullam corper metus accumsan sein. Habitasse a purus nec ipsum a urna ac ullamcorper varius metus blandit posuere.<\/p>","protected":false},"featured_media":412,"comment_status":"open","ping_status":"closed","template":"","meta":[],"product_brand":[],"product_cat":[520],"product_tag":[],"class_list":{"0":"post-411","1":"product","2":"type-product","3":"status-publish","4":"has-post-thumbnail","6":"product_cat-accessories","8":"first","9":"instock","10":"shipping-taxable","11":"purchasable","12":"product-type-simple"},"yoast_head":"<!-- This site is optimized with the Yoast SEO plugin v27.0 - https:\/\/yoast.com\/product\/yoast-seo-wordpress\/ -->\n<title>Henectus tincidunt - Eco House<\/title>\n<meta name=\"robots\" content=\"index, follow, max-snippet:-1, max-image-preview:large, max-video-preview:-1\" \/>\n<link rel=\"canonical\" href=\"https:\/\/ecohousearchi.com\/de\/produkt\/henectus-tincidunt\/\" \/>\n<meta property=\"og:locale\" content=\"de_DE\" \/>\n<meta property=\"og:type\" content=\"article\" \/>\n<meta property=\"og:title\" content=\"Henectus tincidunt - Eco House\" \/>\n<meta property=\"og:description\" content=\"Consequat a scelerisque suspendisse vel et eget eu vitae adipiscing nibh scelerisque semper cum adipiscing facilisis adipiscing est accumsan lorem vestibulum. Aliquet mus a aptent ullam corper metus accumsan. Habitasse a purus nec ipsum a urna ac ullamcorper varius metus blandit posuere.\" \/>\n<meta property=\"og:url\" content=\"https:\/\/ecohousearchi.com\/de\/produkt\/henectus-tincidunt\/\" \/>\n<meta property=\"og:site_name\" content=\"Eco House\" \/>\n<meta property=\"og:image\" content=\"https:\/\/ecohousearchi.com\/wp-content\/uploads\/2021\/08\/senectus-tincidunt-1.jpg\" \/>\n\t<meta property=\"og:image:width\" content=\"700\" \/>\n\t<meta property=\"og:image:height\" content=\"800\" \/>\n\t<meta property=\"og:image:type\" content=\"image\/jpeg\" \/>\n<meta name=\"twitter:card\" content=\"summary_large_image\" \/>\n<meta name=\"twitter:label1\" content=\"Gesch\u00e4tzte Lesezeit\" \/>\n\t<meta name=\"twitter:data1\" content=\"1\u00a0Minute\" \/>\n<script type=\"application\/ld+json\" class=\"yoast-schema-graph\">{\"@context\":\"https:\/\/schema.org\",\"@graph\":[{\"@type\":\"WebPage\",\"@id\":\"https:\/\/ecohousearchi.com\/produit\/henectus-tincidunt\/\",\"url\":\"https:\/\/ecohousearchi.com\/produit\/henectus-tincidunt\/\",\"name\":\"Henectus tincidunt - Eco House\",\"isPartOf\":{\"@id\":\"https:\/\/ecohousearchi.com\/#website\"},\"primaryImageOfPage\":{\"@id\":\"https:\/\/ecohousearchi.com\/produit\/henectus-tincidunt\/#primaryimage\"},\"image\":{\"@id\":\"https:\/\/ecohousearchi.com\/produit\/henectus-tincidunt\/#primaryimage\"},\"thumbnailUrl\":\"https:\/\/ecohousearchi.com\/wp-content\/uploads\/2021\/08\/senectus-tincidunt-1.jpg\",\"datePublished\":\"2021-08-27T12:19:36+00:00\",\"breadcrumb\":{\"@id\":\"https:\/\/ecohousearchi.com\/produit\/henectus-tincidunt\/#breadcrumb\"},\"inLanguage\":\"de\",\"potentialAction\":[{\"@type\":\"ReadAction\",\"target\":[\"https:\/\/ecohousearchi.com\/produit\/henectus-tincidunt\/\"]}]},{\"@type\":\"ImageObject\",\"inLanguage\":\"de\",\"@id\":\"https:\/\/ecohousearchi.com\/produit\/henectus-tincidunt\/#primaryimage\",\"url\":\"https:\/\/ecohousearchi.com\/wp-content\/uploads\/2021\/08\/senectus-tincidunt-1.jpg\",\"contentUrl\":\"https:\/\/ecohousearchi.com\/wp-content\/uploads\/2021\/08\/senectus-tincidunt-1.jpg\",\"width\":700,\"height\":800},{\"@type\":\"BreadcrumbList\",\"@id\":\"https:\/\/ecohousearchi.com\/produit\/henectus-tincidunt\/#breadcrumb\",\"itemListElement\":[{\"@type\":\"ListItem\",\"position\":1,\"name\":\"Home\",\"item\":\"https:\/\/ecohousearchi.com\/de\/\"},{\"@type\":\"ListItem\",\"position\":2,\"name\":\"Shop\",\"item\":\"https:\/\/ecohousearchi.com\/de\/geschaft\/\"},{\"@type\":\"ListItem\",\"position\":3,\"name\":\"Henectus tincidunt\"}]},{\"@type\":\"WebSite\",\"@id\":\"https:\/\/ecohousearchi.com\/#website\",\"url\":\"https:\/\/ecohousearchi.com\/\",\"name\":\"Eco House\",\"description\":\"Green Living Starts Here\",\"publisher\":{\"@id\":\"https:\/\/ecohousearchi.com\/#organization\"},\"potentialAction\":[{\"@type\":\"SearchAction\",\"target\":{\"@type\":\"EntryPoint\",\"urlTemplate\":\"https:\/\/ecohousearchi.com\/?s={search_term_string}\"},\"query-input\":{\"@type\":\"PropertyValueSpecification\",\"valueRequired\":true,\"valueName\":\"search_term_string\"}}],\"inLanguage\":\"de\"},{\"@type\":\"Organization\",\"@id\":\"https:\/\/ecohousearchi.com\/#organization\",\"name\":\"Eco House\",\"url\":\"https:\/\/ecohousearchi.com\/\",\"logo\":{\"@type\":\"ImageObject\",\"inLanguage\":\"de\",\"@id\":\"https:\/\/ecohousearchi.com\/#\/schema\/logo\/image\/\",\"url\":\"https:\/\/ecohousearchi.com\/wp-content\/uploads\/2024\/05\/ecohouselogo-blanc.png\",\"contentUrl\":\"https:\/\/ecohousearchi.com\/wp-content\/uploads\/2024\/05\/ecohouselogo-blanc.png\",\"width\":600,\"height\":400,\"caption\":\"Eco House\"},\"image\":{\"@id\":\"https:\/\/ecohousearchi.com\/#\/schema\/logo\/image\/\"}}]}<\/script>\n<!-- \/ Yoast SEO plugin. -->","yoast_head_json":{"title":"Henectus tincidunt - Eco House","robots":{"index":"index","follow":"follow","max-snippet":"max-snippet:-1","max-image-preview":"max-image-preview:large","max-video-preview":"max-video-preview:-1"},"canonical":"https:\/\/ecohousearchi.com\/de\/produkt\/henectus-tincidunt\/","og_locale":"de_DE","og_type":"article","og_title":"Henectus tincidunt - Eco House","og_description":"Consequat a scelerisque suspendisse vel et eget eu vitae adipiscing nibh scelerisque semper cum adipiscing facilisis adipiscing est accumsan lorem vestibulum. Aliquet mus a aptent ullam corper metus accumsan. Habitasse a purus nec ipsum a urna ac ullamcorper varius metus blandit posuere.","og_url":"https:\/\/ecohousearchi.com\/de\/produkt\/henectus-tincidunt\/","og_site_name":"Eco House","og_image":[{"width":700,"height":800,"url":"https:\/\/ecohousearchi.com\/wp-content\/uploads\/2021\/08\/senectus-tincidunt-1.jpg","type":"image\/jpeg"}],"twitter_card":"summary_large_image","twitter_misc":{"Gesch\u00e4tzte Lesezeit":"1\u00a0Minute"},"schema":{"@context":"https:\/\/schema.org","@graph":[{"@type":"WebPage","@id":"https:\/\/ecohousearchi.com\/produit\/henectus-tincidunt\/","url":"https:\/\/ecohousearchi.com\/produit\/henectus-tincidunt\/","name":"Henectus tincidunt - Eco House","isPartOf":{"@id":"https:\/\/ecohousearchi.com\/#website"},"primaryImageOfPage":{"@id":"https:\/\/ecohousearchi.com\/produit\/henectus-tincidunt\/#primaryimage"},"image":{"@id":"https:\/\/ecohousearchi.com\/produit\/henectus-tincidunt\/#primaryimage"},"thumbnailUrl":"https:\/\/ecohousearchi.com\/wp-content\/uploads\/2021\/08\/senectus-tincidunt-1.jpg","datePublished":"2021-08-27T12:19:36+00:00","breadcrumb":{"@id":"https:\/\/ecohousearchi.com\/produit\/henectus-tincidunt\/#breadcrumb"},"inLanguage":"de","potentialAction":[{"@type":"ReadAction","target":["https:\/\/ecohousearchi.com\/produit\/henectus-tincidunt\/"]}]},{"@type":"ImageObject","inLanguage":"de","@id":"https:\/\/ecohousearchi.com\/produit\/henectus-tincidunt\/#primaryimage","url":"https:\/\/ecohousearchi.com\/wp-content\/uploads\/2021\/08\/senectus-tincidunt-1.jpg","contentUrl":"https:\/\/ecohousearchi.com\/wp-content\/uploads\/2021\/08\/senectus-tincidunt-1.jpg","width":700,"height":800},{"@type":"BreadcrumbList","@id":"https:\/\/ecohousearchi.com\/produit\/henectus-tincidunt\/#breadcrumb","itemListElement":[{"@type":"ListItem","position":1,"name":"Home","item":"https:\/\/ecohousearchi.com\/de\/"},{"@type":"ListItem","position":2,"name":"Shop","item":"https:\/\/ecohousearchi.com\/de\/geschaft\/"},{"@type":"ListItem","position":3,"name":"Henectus tincidunt"}]},{"@type":"WebSite","@id":"https:\/\/ecohousearchi.com\/#website","url":"https:\/\/ecohousearchi.com\/","name":"\u00d6ko-Haus","description":"Gr\u00fcnes Leben beginnt hier","publisher":{"@id":"https:\/\/ecohousearchi.com\/#organization"},"potentialAction":[{"@type":"SearchAction","target":{"@type":"EntryPoint","urlTemplate":"https:\/\/ecohousearchi.com\/?s={search_term_string}"},"query-input":{"@type":"PropertyValueSpecification","valueRequired":true,"valueName":"search_term_string"}}],"inLanguage":"de"},{"@type":"Organization","@id":"https:\/\/ecohousearchi.com\/#organization","name":"\u00d6ko-Haus","url":"https:\/\/ecohousearchi.com\/","logo":{"@type":"ImageObject","inLanguage":"de","@id":"https:\/\/ecohousearchi.com\/#\/schema\/logo\/image\/","url":"https:\/\/ecohousearchi.com\/wp-content\/uploads\/2024\/05\/ecohouselogo-blanc.png","contentUrl":"https:\/\/ecohousearchi.com\/wp-content\/uploads\/2024\/05\/ecohouselogo-blanc.png","width":600,"height":400,"caption":"Eco House"},"image":{"@id":"https:\/\/ecohousearchi.com\/#\/schema\/logo\/image\/"}}]}},"_links":{"self":[{"href":"https:\/\/ecohousearchi.com\/de\/wp-json\/wp\/v2\/product\/411","targetHints":{"allow":["GET"]}}],"collection":[{"href":"https:\/\/ecohousearchi.com\/de\/wp-json\/wp\/v2\/product"}],"about":[{"href":"https:\/\/ecohousearchi.com\/de\/wp-json\/wp\/v2\/types\/product"}],"replies":[{"embeddable":true,"href":"https:\/\/ecohousearchi.com\/de\/wp-json\/wp\/v2\/comments?post=411"}],"version-history":[{"count":0,"href":"https:\/\/ecohousearchi.com\/de\/wp-json\/wp\/v2\/product\/411\/revisions"}],"wp:featuredmedia":[{"embeddable":true,"href":"https:\/\/ecohousearchi.com\/de\/wp-json\/wp\/v2\/media\/412"}],"wp:attachment":[{"href":"https:\/\/ecohousearchi.com\/de\/wp-json\/wp\/v2\/media?parent=411"}],"wp:term":[{"taxonomy":"product_brand","embeddable":true,"href":"https:\/\/ecohousearchi.com\/de\/wp-json\/wp\/v2\/product_brand?post=411"},{"taxonomy":"product_cat","embeddable":true,"href":"https:\/\/ecohousearchi.com\/de\/wp-json\/wp\/v2\/product_cat?post=411"},{"taxonomy":"product_tag","embeddable":true,"href":"https:\/\/ecohousearchi.com\/de\/wp-json\/wp\/v2\/product_tag?post=411"}],"curies":[{"name":"wp","href":"https:\/\/api.w.org\/{rel}","templated":true}]}}