{"id":2,"date":"2023-08-29T01:32:20","date_gmt":"2023-08-28T23:32:20","guid":{"rendered":"https:\/\/ecohousearchi.com\/?page_id=2"},"modified":"2023-08-29T01:32:20","modified_gmt":"2023-08-28T23:32:20","slug":"ejemplo-de-la-pagina-d","status":"publish","type":"page","link":"https:\/\/ecohousearchi.com\/es\/ejemplo-de-la-pagina-d\/","title":{"rendered":"P\u00e1gina de ejemplo"},"content":{"rendered":"<p>Ceci es una p\u00e1gina de ejemplo. Es diferente de un art\u00edculo de blog que deja de lado el mismo contenido y aparece en la navegaci\u00f3n de su sitio (en la mayor\u00eda de temas). La mayor\u00eda de las personas comienzan por una p\u00e1gina \u00aba prop\u00f3sito\u00bb que les presenta a las personas que visitan el sitio. Cela pourrait se parece a lo que eligi\u00f3 como cela:<\/p>\n\n\n\n<blockquote class=\"wp-block-quote is-layout-flow wp-block-quote-is-layout-flow\"><p>\u00a1Buen d\u00eda! Je suis un m\u00e9canicien qui aspire \u00e0 devenir acteur, et voici mon site. J&#039;habite \u00e0 Bordeaux, j&#039;ai un super chien baptis\u00e9 Russell, et j&#039;aime la vodka (ainsi qu&#039;\u00eatre surpris par la pluie soudaine lors de longues balades sur la plage au Coucher du soleil).<\/p><\/blockquote>\n\n\n\n<p>\u2026ou quelque eligi\u00f3 comome cela:<\/p>\n\n\n\n<blockquote class=\"wp-block-quote is-layout-flow wp-block-quote-is-layout-flow\"><p>La soci\u00e9t\u00e9 123 Machin Truc a \u00e9t\u00e9 cr\u00e9\u00e9e en 1971, et n&#039;a cess\u00e9 de proponer au public des machins-trucs de qualit\u00e9 depuis lors. Situ\u00e9e \u00e0 Saint-Remy-en-Bouzemont-Saint-Genest-et-Isson, 123 Machin Truc emplea a 2.000 personas y fabrica todas las clases de bidules supers pour la communaut\u00e9 bouzemontoise.<\/p><\/blockquote>\n\n\n\n<p>En tanto que nuevo usuario o usuario de WordPress, tendr\u00e1 que rendir en <a href=\"https:\/\/ecohousearchi.com\/wp-admin\/\">su tablero de mandos<\/a> Para eliminar esta p\u00e1gina y crear nuevas p\u00e1ginas para su contenido. \u00a1Divi\u00e9rtete bien!<\/p>","protected":false},"excerpt":{"rendered":"<p>Ceci est une page d\u2019exemple. C\u2019est diff\u00e9rent d\u2019un article de blog parce qu\u2019elle restera au m\u00eame endroit et appara\u00eetra dans<\/p>","protected":false},"author":2,"featured_media":0,"parent":0,"menu_order":0,"comment_status":"closed","ping_status":"open","template":"","meta":{"footnotes":""},"class_list":["post-2","page","type-page","status-publish","hentry"],"yoast_head":"<!-- This site is optimized with the Yoast SEO plugin v27.0 - https:\/\/yoast.com\/product\/yoast-seo-wordpress\/ -->\n<title>Page d\u2019exemple - Eco House<\/title>\n<meta name=\"robots\" content=\"index, follow, max-snippet:-1, max-image-preview:large, max-video-preview:-1\" \/>\n<link rel=\"canonical\" href=\"https:\/\/ecohousearchi.com\/es\/ejemplo-de-la-pagina-d\/\" \/>\n<meta property=\"og:locale\" content=\"es_ES\" \/>\n<meta property=\"og:type\" content=\"article\" \/>\n<meta property=\"og:title\" content=\"Page d\u2019exemple - Eco House\" \/>\n<meta property=\"og:description\" content=\"Ceci est une page d\u2019exemple. C\u2019est diff\u00e9rent d\u2019un article de blog parce qu\u2019elle restera au m\u00eame endroit et appara\u00eetra dans\" \/>\n<meta property=\"og:url\" content=\"https:\/\/ecohousearchi.com\/es\/ejemplo-de-la-pagina-d\/\" \/>\n<meta property=\"og:site_name\" content=\"Eco House\" \/>\n<meta name=\"twitter:card\" content=\"summary_large_image\" \/>\n<meta name=\"twitter:label1\" content=\"Tiempo de lectura\" \/>\n\t<meta name=\"twitter:data1\" content=\"1 minuto\" \/>\n<script type=\"application\/ld+json\" class=\"yoast-schema-graph\">{\"@context\":\"https:\/\/schema.org\",\"@graph\":[{\"@type\":\"WebPage\",\"@id\":\"https:\/\/ecohousearchi.com\/page-d-exemple\/\",\"url\":\"https:\/\/ecohousearchi.com\/page-d-exemple\/\",\"name\":\"Page d\u2019exemple - Eco House\",\"isPartOf\":{\"@id\":\"https:\/\/ecohousearchi.com\/#website\"},\"datePublished\":\"2023-08-28T23:32:20+00:00\",\"breadcrumb\":{\"@id\":\"https:\/\/ecohousearchi.com\/page-d-exemple\/#breadcrumb\"},\"inLanguage\":\"es\",\"potentialAction\":[{\"@type\":\"ReadAction\",\"target\":[\"https:\/\/ecohousearchi.com\/page-d-exemple\/\"]}]},{\"@type\":\"BreadcrumbList\",\"@id\":\"https:\/\/ecohousearchi.com\/page-d-exemple\/#breadcrumb\",\"itemListElement\":[{\"@type\":\"ListItem\",\"position\":1,\"name\":\"Home\",\"item\":\"https:\/\/ecohousearchi.com\/de\/\"},{\"@type\":\"ListItem\",\"position\":2,\"name\":\"Page d\u2019exemple\"}]},{\"@type\":\"WebSite\",\"@id\":\"https:\/\/ecohousearchi.com\/#website\",\"url\":\"https:\/\/ecohousearchi.com\/\",\"name\":\"Eco House\",\"description\":\"Green Living Starts Here\",\"publisher\":{\"@id\":\"https:\/\/ecohousearchi.com\/#organization\"},\"potentialAction\":[{\"@type\":\"SearchAction\",\"target\":{\"@type\":\"EntryPoint\",\"urlTemplate\":\"https:\/\/ecohousearchi.com\/?s={search_term_string}\"},\"query-input\":{\"@type\":\"PropertyValueSpecification\",\"valueRequired\":true,\"valueName\":\"search_term_string\"}}],\"inLanguage\":\"es\"},{\"@type\":\"Organization\",\"@id\":\"https:\/\/ecohousearchi.com\/#organization\",\"name\":\"Eco House\",\"url\":\"https:\/\/ecohousearchi.com\/\",\"logo\":{\"@type\":\"ImageObject\",\"inLanguage\":\"es\",\"@id\":\"https:\/\/ecohousearchi.com\/#\/schema\/logo\/image\/\",\"url\":\"https:\/\/ecohousearchi.com\/wp-content\/uploads\/2024\/05\/ecohouselogo-blanc.png\",\"contentUrl\":\"https:\/\/ecohousearchi.com\/wp-content\/uploads\/2024\/05\/ecohouselogo-blanc.png\",\"width\":600,\"height\":400,\"caption\":\"Eco House\"},\"image\":{\"@id\":\"https:\/\/ecohousearchi.com\/#\/schema\/logo\/image\/\"}}]}<\/script>\n<!-- \/ Yoast SEO plugin. -->","yoast_head_json":{"title":"Page d\u2019exemple - Eco House","robots":{"index":"index","follow":"follow","max-snippet":"max-snippet:-1","max-image-preview":"max-image-preview:large","max-video-preview":"max-video-preview:-1"},"canonical":"https:\/\/ecohousearchi.com\/es\/ejemplo-de-la-pagina-d\/","og_locale":"es_ES","og_type":"article","og_title":"Page d\u2019exemple - Eco House","og_description":"Ceci est une page d\u2019exemple. C\u2019est diff\u00e9rent d\u2019un article de blog parce qu\u2019elle restera au m\u00eame endroit et appara\u00eetra dans","og_url":"https:\/\/ecohousearchi.com\/es\/ejemplo-de-la-pagina-d\/","og_site_name":"Eco House","twitter_card":"summary_large_image","twitter_misc":{"Tiempo de lectura":"1 minuto"},"schema":{"@context":"https:\/\/schema.org","@graph":[{"@type":"WebPage","@id":"https:\/\/ecohousearchi.com\/page-d-exemple\/","url":"https:\/\/ecohousearchi.com\/page-d-exemple\/","name":"Page d\u2019exemple - Eco House","isPartOf":{"@id":"https:\/\/ecohousearchi.com\/#website"},"datePublished":"2023-08-28T23:32:20+00:00","breadcrumb":{"@id":"https:\/\/ecohousearchi.com\/page-d-exemple\/#breadcrumb"},"inLanguage":"es","potentialAction":[{"@type":"ReadAction","target":["https:\/\/ecohousearchi.com\/page-d-exemple\/"]}]},{"@type":"BreadcrumbList","@id":"https:\/\/ecohousearchi.com\/page-d-exemple\/#breadcrumb","itemListElement":[{"@type":"ListItem","position":1,"name":"Home","item":"https:\/\/ecohousearchi.com\/de\/"},{"@type":"ListItem","position":2,"name":"Page d\u2019exemple"}]},{"@type":"WebSite","@id":"https:\/\/ecohousearchi.com\/#website","url":"https:\/\/ecohousearchi.com\/","name":"Casa ecol\u00f3gica","description":"La vida verde comienza aqu\u00ed","publisher":{"@id":"https:\/\/ecohousearchi.com\/#organization"},"potentialAction":[{"@type":"SearchAction","target":{"@type":"EntryPoint","urlTemplate":"https:\/\/ecohousearchi.com\/?s={search_term_string}"},"query-input":{"@type":"PropertyValueSpecification","valueRequired":true,"valueName":"search_term_string"}}],"inLanguage":"es"},{"@type":"Organization","@id":"https:\/\/ecohousearchi.com\/#organization","name":"Casa ecol\u00f3gica","url":"https:\/\/ecohousearchi.com\/","logo":{"@type":"ImageObject","inLanguage":"es","@id":"https:\/\/ecohousearchi.com\/#\/schema\/logo\/image\/","url":"https:\/\/ecohousearchi.com\/wp-content\/uploads\/2024\/05\/ecohouselogo-blanc.png","contentUrl":"https:\/\/ecohousearchi.com\/wp-content\/uploads\/2024\/05\/ecohouselogo-blanc.png","width":600,"height":400,"caption":"Eco House"},"image":{"@id":"https:\/\/ecohousearchi.com\/#\/schema\/logo\/image\/"}}]}},"_links":{"self":[{"href":"https:\/\/ecohousearchi.com\/es\/wp-json\/wp\/v2\/pages\/2","targetHints":{"allow":["GET"]}}],"collection":[{"href":"https:\/\/ecohousearchi.com\/es\/wp-json\/wp\/v2\/pages"}],"about":[{"href":"https:\/\/ecohousearchi.com\/es\/wp-json\/wp\/v2\/types\/page"}],"author":[{"embeddable":true,"href":"https:\/\/ecohousearchi.com\/es\/wp-json\/wp\/v2\/users\/2"}],"replies":[{"embeddable":true,"href":"https:\/\/ecohousearchi.com\/es\/wp-json\/wp\/v2\/comments?post=2"}],"version-history":[{"count":0,"href":"https:\/\/ecohousearchi.com\/es\/wp-json\/wp\/v2\/pages\/2\/revisions"}],"wp:attachment":[{"href":"https:\/\/ecohousearchi.com\/es\/wp-json\/wp\/v2\/media?parent=2"}],"curies":[{"name":"gracias","href":"https:\/\/api.w.org\/{rel}","templated":true}]}}