{"id":216,"date":"2016-11-04T13:06:42","date_gmt":"2016-11-04T13:06:42","guid":{"rendered":"https:\/\/ecohousearchi.com\/?page_id=216"},"modified":"2024-06-05T19:53:33","modified_gmt":"2024-06-05T17:53:33","slug":"acerca-de","status":"publish","type":"page","link":"https:\/\/ecohousearchi.com\/es\/acerca-de\/","title":{"rendered":"Sobre nosotros"},"content":{"rendered":"<div data-elementor-type=\"wp-page\" data-elementor-id=\"216\" class=\"elementor elementor-216\" data-elementor-post-type=\"page\">\n\t\t\t\t<div class=\"wd-negative-gap elementor-element elementor-element-5b788d54 e-flex e-con-boxed e-con e-parent\" data-id=\"5b788d54\" data-element_type=\"container\" data-e-type=\"container\">\n\t\t\t\t\t<div class=\"e-con-inner\">\n\t\t\t\t<div class=\"elementor-element elementor-element-4c11cb85 color-scheme-inherit text-left elementor-widget elementor-widget-text-editor\" data-id=\"4c11cb85\" data-element_type=\"widget\" data-e-type=\"widget\" data-widget_type=\"text-editor.default\">\n\t\t\t\t\t\t\t\t\t<p><strong>Introducci\u00f3n a Nos Structures Mobiles et D\u00f4mes<\/strong><\/p>\n<p>Somos algunos fabricantes de viviendas y estructuras m\u00f3viles pensando en responder a sus necesidades en un material de alojamiento c\u00f3modo y pr\u00e1ctico, para preservar su identidad y las caracter\u00edsticas ecol\u00f3gicas de su emplazamiento. Nuestras estructuras innovadoras son el t\u00e9moignage des t\u00e9cnicas arquitect\u00f3nicas modernas y des garant\u00edas ecol\u00f3gicas, que le ofrecen una experiencia de vida \u00fanica.<\/p>\n<p><strong>Caracter\u00edsticas Cl\u00e9s de Nos Structures :<\/strong><\/p>\n<p>1. <strong>Ejecuci\u00f3n r\u00e1pida:<\/strong><br \/>\u2013 Nuestro proceso de construcci\u00f3n es r\u00e1pido, garantizando que su estructura est\u00e1 lista en un rien de tiempo.<\/p>\n<p><strong>2. Garant\u00eda de \u00c9tanch\u00e9it\u00e9 et de Isolation Phonique :<\/strong><br \/>\u2013 Nous assurons une \u00e9tanch\u00e9it\u00e9 compl\u00e8te et une aislamiento phonique, vous ofrant un environnement serein et prot\u00e9g\u00e9.<\/p>\n<p><strong>3. Adaptabilidad clim\u00e1tica:<\/strong><br \/>\u2013 Nuestras estructuras est\u00e1n dise\u00f1adas para adaptarse a diversos climas, y comprenden el ventilador, la nieve y el calor, asegurando el confort en todos los tiempos.<\/p>\n<p><strong>4. Protecci\u00f3n de la identidad :<\/strong><br \/>\u2013 La instalaci\u00f3n de un permiso de pago rural le permitir\u00e1 proteger su identidad y estar integrado en su entorno.<\/p>\n<p><strong>5. Usos Polivalentes:<\/strong><br \/>\u2013 Nuestras estructuras son polivalentes y pueden ser utilizadas como casas, cocinas, estaciones de viaje, sitios de camping, revistas, etc.<\/p>\n<p><strong>6. Arquitectura y Dise\u00f1o Abordables:<\/strong><br \/>\u2013 Nuestras concepciones y realizaciones est\u00e1n incluidas en su presupuesto de alojamiento, garantizando la abordabilit\u00e9 sans compromettre la qualit\u00e9.<\/p>\n<p><strong>7. Evolutividad:<\/strong><br \/>\u2013 Nuestras estructuras pueden ser ampliadas en forma y dimensiones m\u00e1s grandes en funci\u00f3n de su destino y de sus necesidades de utilizaci\u00f3n.<\/p>\n<p><strong>8. Eficacia administrativa:<\/strong><br \/>\u2013 Nos ocupamos de todas las tareas administrativas necesarias para asegurar un proceso de instalaci\u00f3n fluido sin tracas administrativas.<\/p>\n<p><strong>9. Interiores personales:<\/strong><br \/>\u2013 Nos proponemos la vida de la estructura de base en la fase de estreno, con la posibilidad de personalizar el interior seg\u00fan sus preferencias y sus experiencias.<\/p>\n<p><strong>10. Financiaci\u00f3n del proyecto:<\/strong><br \/>\u2013 Ofrecemos opciones de financiaci\u00f3n para ayudarle a concretar su proyecto sin restricciones financieras.<\/p>\n<p>Para m\u00e1s informaci\u00f3n o para iniciar su proyecto, p\u00f3ngase en contacto con nosotros <strong>0661-218844<\/strong><\/p>\n<p><strong>Pourquoi Choisir Nos Estructuras ?<\/strong><\/p>\n<p>Nuestras estructuras m\u00f3viles y viviendas est\u00e1n construidas no solo como los escombros, sino tambi\u00e9n como soluciones de vida duraderas que se adaptan a su estilo de vida y a sus necesidades ambientales. En choisissant nos produits, vous investissez dans :<\/p>\n<p>&#8211; <strong>Durabilidad<\/strong> : Materiales ecol\u00f3gicos y m\u00e9todos de construcci\u00f3n que minimizan el impacto ambiental.<br \/>&#8211; <strong>Comodidad:<\/strong> Conceptions bien isol\u00e9es et r\u00e9sistantes aux intemp\u00e9ries ofrecen un espacio de vida confortable.<br \/>&#8211; <strong>Polivalencia:<\/strong> Una amplia gama de aplicaciones para responder a diferentes necesidades y entornos.<br \/>&#8211; <strong>Abordabilidad<\/strong> : Soluciones rentables sin compromiso de calidad y est\u00e9tica.<\/p>\n<p>Contactez-nous d\u00e8s aujourd&#039;hui pour explorer les possibilit\u00e9s de nosstructures mobiles et d\u00f4mes, et faites le premier pas vers un espace de vie pratique, confortable et respectueux de l&#039;environnement.<\/p>\t\t\t\t\t\t\t\t<\/div>\n\t\t\t\t\t<\/div>\n\t\t\t\t<\/div>\n\t\t\t\t<\/div>","protected":false},"excerpt":{"rendered":"<p>Introducci\u00f3n a Nos Structures Mobiles et D\u00f4mes Nous sommes fiers de fabriquer des d\u00f4mes et desstructures mobiles con\u00e7us pour<\/p>","protected":false},"author":2,"featured_media":0,"parent":0,"menu_order":0,"comment_status":"closed","ping_status":"closed","template":"","meta":{"footnotes":""},"class_list":["post-216","page","type-page","status-publish","hentry"],"yoast_head":"<!-- This site is optimized with the Yoast SEO plugin v27.0 - https:\/\/yoast.com\/product\/yoast-seo-wordpress\/ -->\n<title>About Us - Eco House<\/title>\n<meta name=\"robots\" content=\"index, follow, max-snippet:-1, max-image-preview:large, max-video-preview:-1\" \/>\n<link rel=\"canonical\" href=\"https:\/\/ecohousearchi.com\/es\/acerca-de\/\" \/>\n<meta property=\"og:locale\" content=\"es_ES\" \/>\n<meta property=\"og:type\" content=\"article\" \/>\n<meta property=\"og:title\" content=\"About Us - Eco House\" \/>\n<meta property=\"og:description\" content=\"Introduction \u00e0 Nos Structures Mobiles et D\u00f4mes Nous sommes fiers de fabriquer des d\u00f4mes et des structures mobiles con\u00e7us pour\" \/>\n<meta property=\"og:url\" content=\"https:\/\/ecohousearchi.com\/es\/acerca-de\/\" \/>\n<meta property=\"og:site_name\" content=\"Eco House\" \/>\n<meta property=\"article:modified_time\" content=\"2024-06-05T17:53:33+00:00\" \/>\n<meta name=\"twitter:card\" content=\"summary_large_image\" \/>\n<meta name=\"twitter:label1\" content=\"Tiempo de lectura\" \/>\n\t<meta name=\"twitter:data1\" content=\"2 minutos\" \/>\n<script type=\"application\/ld+json\" class=\"yoast-schema-graph\">{\"@context\":\"https:\/\/schema.org\",\"@graph\":[{\"@type\":\"WebPage\",\"@id\":\"https:\/\/ecohousearchi.com\/nl\/over\/\",\"url\":\"https:\/\/ecohousearchi.com\/nl\/over\/\",\"name\":\"About Us - Eco House\",\"isPartOf\":{\"@id\":\"https:\/\/ecohousearchi.com\/#website\"},\"datePublished\":\"2016-11-04T13:06:42+00:00\",\"dateModified\":\"2024-06-05T17:53:33+00:00\",\"breadcrumb\":{\"@id\":\"https:\/\/ecohousearchi.com\/nl\/over\/#breadcrumb\"},\"inLanguage\":\"es\",\"potentialAction\":[{\"@type\":\"ReadAction\",\"target\":[\"https:\/\/ecohousearchi.com\/nl\/over\/\"]}]},{\"@type\":\"BreadcrumbList\",\"@id\":\"https:\/\/ecohousearchi.com\/nl\/over\/#breadcrumb\",\"itemListElement\":[{\"@type\":\"ListItem\",\"position\":1,\"name\":\"Home\",\"item\":\"https:\/\/ecohousearchi.com\/de\/\"},{\"@type\":\"ListItem\",\"position\":2,\"name\":\"About Us\"}]},{\"@type\":\"WebSite\",\"@id\":\"https:\/\/ecohousearchi.com\/#website\",\"url\":\"https:\/\/ecohousearchi.com\/\",\"name\":\"Eco House\",\"description\":\"Green Living Starts Here\",\"publisher\":{\"@id\":\"https:\/\/ecohousearchi.com\/#organization\"},\"potentialAction\":[{\"@type\":\"SearchAction\",\"target\":{\"@type\":\"EntryPoint\",\"urlTemplate\":\"https:\/\/ecohousearchi.com\/?s={search_term_string}\"},\"query-input\":{\"@type\":\"PropertyValueSpecification\",\"valueRequired\":true,\"valueName\":\"search_term_string\"}}],\"inLanguage\":\"es\"},{\"@type\":\"Organization\",\"@id\":\"https:\/\/ecohousearchi.com\/#organization\",\"name\":\"Eco House\",\"url\":\"https:\/\/ecohousearchi.com\/\",\"logo\":{\"@type\":\"ImageObject\",\"inLanguage\":\"es\",\"@id\":\"https:\/\/ecohousearchi.com\/#\/schema\/logo\/image\/\",\"url\":\"https:\/\/ecohousearchi.com\/wp-content\/uploads\/2024\/05\/ecohouselogo-blanc.png\",\"contentUrl\":\"https:\/\/ecohousearchi.com\/wp-content\/uploads\/2024\/05\/ecohouselogo-blanc.png\",\"width\":600,\"height\":400,\"caption\":\"Eco House\"},\"image\":{\"@id\":\"https:\/\/ecohousearchi.com\/#\/schema\/logo\/image\/\"}}]}<\/script>\n<!-- \/ Yoast SEO plugin. -->","yoast_head_json":{"title":"About Us - Eco House","robots":{"index":"index","follow":"follow","max-snippet":"max-snippet:-1","max-image-preview":"max-image-preview:large","max-video-preview":"max-video-preview:-1"},"canonical":"https:\/\/ecohousearchi.com\/es\/acerca-de\/","og_locale":"es_ES","og_type":"article","og_title":"About Us - Eco House","og_description":"Introduction \u00e0 Nos Structures Mobiles et D\u00f4mes Nous sommes fiers de fabriquer des d\u00f4mes et des structures mobiles con\u00e7us pour","og_url":"https:\/\/ecohousearchi.com\/es\/acerca-de\/","og_site_name":"Eco House","article_modified_time":"2024-06-05T17:53:33+00:00","twitter_card":"summary_large_image","twitter_misc":{"Tiempo de lectura":"2 minutos"},"schema":{"@context":"https:\/\/schema.org","@graph":[{"@type":"WebPage","@id":"https:\/\/ecohousearchi.com\/nl\/over\/","url":"https:\/\/ecohousearchi.com\/nl\/over\/","name":"About Us - Eco House","isPartOf":{"@id":"https:\/\/ecohousearchi.com\/#website"},"datePublished":"2016-11-04T13:06:42+00:00","dateModified":"2024-06-05T17:53:33+00:00","breadcrumb":{"@id":"https:\/\/ecohousearchi.com\/nl\/over\/#breadcrumb"},"inLanguage":"es","potentialAction":[{"@type":"ReadAction","target":["https:\/\/ecohousearchi.com\/nl\/over\/"]}]},{"@type":"BreadcrumbList","@id":"https:\/\/ecohousearchi.com\/nl\/over\/#breadcrumb","itemListElement":[{"@type":"ListItem","position":1,"name":"Home","item":"https:\/\/ecohousearchi.com\/de\/"},{"@type":"ListItem","position":2,"name":"About Us"}]},{"@type":"WebSite","@id":"https:\/\/ecohousearchi.com\/#website","url":"https:\/\/ecohousearchi.com\/","name":"Casa ecol\u00f3gica","description":"La vida verde comienza aqu\u00ed","publisher":{"@id":"https:\/\/ecohousearchi.com\/#organization"},"potentialAction":[{"@type":"SearchAction","target":{"@type":"EntryPoint","urlTemplate":"https:\/\/ecohousearchi.com\/?s={search_term_string}"},"query-input":{"@type":"PropertyValueSpecification","valueRequired":true,"valueName":"search_term_string"}}],"inLanguage":"es"},{"@type":"Organization","@id":"https:\/\/ecohousearchi.com\/#organization","name":"Casa ecol\u00f3gica","url":"https:\/\/ecohousearchi.com\/","logo":{"@type":"ImageObject","inLanguage":"es","@id":"https:\/\/ecohousearchi.com\/#\/schema\/logo\/image\/","url":"https:\/\/ecohousearchi.com\/wp-content\/uploads\/2024\/05\/ecohouselogo-blanc.png","contentUrl":"https:\/\/ecohousearchi.com\/wp-content\/uploads\/2024\/05\/ecohouselogo-blanc.png","width":600,"height":400,"caption":"Eco House"},"image":{"@id":"https:\/\/ecohousearchi.com\/#\/schema\/logo\/image\/"}}]}},"_links":{"self":[{"href":"https:\/\/ecohousearchi.com\/es\/wp-json\/wp\/v2\/pages\/216","targetHints":{"allow":["GET"]}}],"collection":[{"href":"https:\/\/ecohousearchi.com\/es\/wp-json\/wp\/v2\/pages"}],"about":[{"href":"https:\/\/ecohousearchi.com\/es\/wp-json\/wp\/v2\/types\/page"}],"author":[{"embeddable":true,"href":"https:\/\/ecohousearchi.com\/es\/wp-json\/wp\/v2\/users\/2"}],"replies":[{"embeddable":true,"href":"https:\/\/ecohousearchi.com\/es\/wp-json\/wp\/v2\/comments?post=216"}],"version-history":[{"count":7,"href":"https:\/\/ecohousearchi.com\/es\/wp-json\/wp\/v2\/pages\/216\/revisions"}],"predecessor-version":[{"id":16542,"href":"https:\/\/ecohousearchi.com\/es\/wp-json\/wp\/v2\/pages\/216\/revisions\/16542"}],"wp:attachment":[{"href":"https:\/\/ecohousearchi.com\/es\/wp-json\/wp\/v2\/media?parent=216"}],"curies":[{"name":"gracias","href":"https:\/\/api.w.org\/{rel}","templated":true}]}}