{"id":216,"date":"2016-11-04T13:06:42","date_gmt":"2016-11-04T13:06:42","guid":{"rendered":"https:\/\/ecohousearchi.com\/?page_id=216"},"modified":"2024-06-05T19:53:33","modified_gmt":"2024-06-05T17:53:33","slug":"a-propos","status":"publish","type":"page","link":"https:\/\/ecohousearchi.com\/fr\/a-propos\/","title":{"rendered":"\u00c0 propos de nous"},"content":{"rendered":"<div data-elementor-type=\"wp-page\" data-elementor-id=\"216\" class=\"elementor elementor-216\" data-elementor-post-type=\"page\">\n\t\t\t\t<div class=\"wd-negative-gap elementor-element elementor-element-5b788d54 e-flex e-con-boxed e-con e-parent\" data-id=\"5b788d54\" data-element_type=\"container\" data-e-type=\"container\">\n\t\t\t\t\t<div class=\"e-con-inner\">\n\t\t\t\t<div class=\"elementor-element elementor-element-4c11cb85 color-scheme-inherit text-left elementor-widget elementor-widget-text-editor\" data-id=\"4c11cb85\" data-element_type=\"widget\" data-e-type=\"widget\" data-widget_type=\"text-editor.default\">\n\t\t\t\t\t\t\t\t\t<p><strong>Introduction \u00e0 Nos Structures Mobiles et D\u00f4mes<\/strong><\/p>\n<p>Nous sommes fiers de fabriquer des d\u00f4mes et des structures mobiles con\u00e7us pour r\u00e9pondre \u00e0 vos besoins en mati\u00e8re d&#039;h\u00e9bergement confortable et pratique, tout en pr\u00e9servant votre identit\u00e9 et le caract\u00e8re \u00e9cologique de votre emplacement. Nos structures innovantes sont le t\u00e9moignage des techniques architecturales modernes et des garanties \u00e9cologiques, vous offrant une exp\u00e9rience de vie unique.<\/p>\n<p><strong>Caract\u00e9ristiques Cl\u00e9s de Nos Structures :<\/strong><\/p>\n<p>1. <strong>Ex\u00e9cution Rapide :<\/strong><br \/>\u2013 Notre processus de construction est rapide, garantissant que votre structure est pr\u00eate en un rien de temps.<\/p>\n<p><strong>2. Garantie d&#039;\u00c9tanch\u00e9it\u00e9 et d&#039;Isolation Phonique :<\/strong><br \/>\u2013 Nous assurons une \u00e9tanch\u00e9it\u00e9 compl\u00e8te et une isolation phonique, vous offrant un environnement serein et prot\u00e9g\u00e9.<\/p>\n<p><strong>3. Adaptabilit\u00e9 climatique :<\/strong><br \/>\u2013 Nos structures sont con\u00e7ues pour s&#039;adapter \u00e0 divers climats, y comprenant le vent, la neige et la chaleur, assurant le confort par tous les temps.<\/p>\n<p><strong>4. Protection de l&#039;Identit\u00e9 :<\/strong><br \/>\u2013 L&#039;installation d&#039;un permis de paiement rural vous permet de prot\u00e9ger votre identit\u00e9 et de vous int\u00e9grer harmonieusement \u00e0 votre environnement.<\/p>\n<p><strong>5. Usages Polyvalents :<\/strong><br \/>\u2013 Nos structures sont polyvalentes et peuvent \u00eatre utilis\u00e9es comme maisons, cuisines, stations de voyage, sites de camping, magasins, et plus encore.<\/p>\n<p><strong>6. Architecture et Design Abordables :<\/strong><br \/>\u2013 Nos conceptions et r\u00e9alisations sont incluses dans votre budget de logement, garantissant l&#039;abordabilit\u00e9 sans nuire \u00e0 la qualit\u00e9.<\/p>\n<p><strong>7. \u00c9volutivit\u00e9 :<\/strong><br \/>\u2013 Nos structures peuvent \u00eatre agrandies \u00e0 des formes et dimensions plus grandes en fonction de votre destination et de vos besoins d&#039;utilisation.<\/p>\n<p><strong>8. Efficacit\u00e9 administrative :<\/strong><br \/>\u2013 Nous nous occupons de toutes les t\u00e2ches administratives n\u00e9cessaires pour assurer un processus d&#039;installation fluide sans tracas administratifs.<\/p>\n<p><strong>9. Int\u00e9rieurs Personnalisables :<\/strong><br \/>\u2013 Nous proposons la livraison de la structure de base dans la premi\u00e8re phase, avec la possibilit\u00e9 de personnaliser l&#039;int\u00e9rieur selon vos pr\u00e9f\u00e9rences et vos exp\u00e9riences.<\/p>\n<p><strong>10. Financement du projet :<\/strong><br \/>\u2013 Nous offrons des options de financement pour vous aider \u00e0 concr\u00e9tiser votre projet sans contrainte financi\u00e8re.<\/p>\n<p>Pour plus d&#039;informations ou pour d\u00e9marrer votre projet, veuillez nous contacter au <strong>0661-218844<\/strong><\/p>\n<p><strong>Pourquoi Choisir Nos Structures ?<\/strong><\/p>\n<p>Nos structures mobiles et d\u00f4mes sont con\u00e7us non seulement comme des abris, mais aussi comme des solutions de vie durables qui s&#039;adaptent \u00e0 votre style de vie et \u00e0 vos besoins environnementaux. En s\u00e9lectionnant nos produits, vous investirez dans :<\/p>\n<p>&#8211; <strong>Durabilit\u00e9<\/strong> : Mat\u00e9riaux \u00e9cologiques et m\u00e9thodes de construction qui minimisent l&#039;impact environnemental.<br \/>&#8211; <strong>Confort :<\/strong> Conceptions bien isol\u00e9es et r\u00e9sistances aux intemp\u00e9ries offrant un espace de vie confortable.<br \/>&#8211; <strong>Polyvalence :<\/strong> Une large gamme d&#039;applications pour r\u00e9pondre \u00e0 diff\u00e9rents besoins et environnements.<br \/>&#8211; <strong>Abordabilit\u00e9<\/strong> : Solutions louables sans nuire \u00e0 la qualit\u00e9 et \u00e0 l&#039;esth\u00e9tique.<\/p>\n<p>Contactez-nous d\u00e8s aujourd&#039;hui pour explorer les possibilit\u00e9s de nos structures mobiles et d\u00f4mes, et faites le premier pas vers un espace de vie pratique, confortable et respectueux de l&#039;environnement.<\/p>\t\t\t\t\t\t\t\t<\/div>\n\t\t\t\t\t<\/div>\n\t\t\t\t<\/div>\n\t\t\t\t<\/div>","protected":false},"excerpt":{"rendered":"<p>Introduction \u00e0 Nos Structures Mobiles et D\u00f4mes Nous sommes fiers de fabriquer des d\u00f4mes et des structures mobiles con\u00e7u pour<\/p>","protected":false},"author":2,"featured_media":0,"parent":0,"menu_order":0,"comment_status":"closed","ping_status":"closed","template":"","meta":{"footnotes":""},"class_list":["post-216","page","type-page","status-publish","hentry"],"yoast_head":"<!-- This site is optimized with the Yoast SEO plugin v27.0 - https:\/\/yoast.com\/product\/yoast-seo-wordpress\/ -->\n<title>About Us - Eco House<\/title>\n<meta name=\"robots\" content=\"index, follow, max-snippet:-1, max-image-preview:large, max-video-preview:-1\" \/>\n<link rel=\"canonical\" href=\"https:\/\/ecohousearchi.com\/fr\/a-propos\/\" \/>\n<meta property=\"og:locale\" content=\"fr_FR\" \/>\n<meta property=\"og:type\" content=\"article\" \/>\n<meta property=\"og:title\" content=\"About Us - Eco House\" \/>\n<meta property=\"og:description\" content=\"Introduction \u00e0 Nos Structures Mobiles et D\u00f4mes Nous sommes fiers de fabriquer des d\u00f4mes et des structures mobiles con\u00e7us pour\" \/>\n<meta property=\"og:url\" content=\"https:\/\/ecohousearchi.com\/fr\/a-propos\/\" \/>\n<meta property=\"og:site_name\" content=\"Eco House\" \/>\n<meta property=\"article:modified_time\" content=\"2024-06-05T17:53:33+00:00\" \/>\n<meta name=\"twitter:card\" content=\"summary_large_image\" \/>\n<meta name=\"twitter:label1\" content=\"Dur\u00e9e de lecture estim\u00e9e\" \/>\n\t<meta name=\"twitter:data1\" content=\"2 minutes\" \/>\n<script type=\"application\/ld+json\" class=\"yoast-schema-graph\">{\"@context\":\"https:\/\/schema.org\",\"@graph\":[{\"@type\":\"WebPage\",\"@id\":\"https:\/\/ecohousearchi.com\/nl\/over\/\",\"url\":\"https:\/\/ecohousearchi.com\/nl\/over\/\",\"name\":\"About Us - Eco House\",\"isPartOf\":{\"@id\":\"https:\/\/ecohousearchi.com\/#website\"},\"datePublished\":\"2016-11-04T13:06:42+00:00\",\"dateModified\":\"2024-06-05T17:53:33+00:00\",\"breadcrumb\":{\"@id\":\"https:\/\/ecohousearchi.com\/nl\/over\/#breadcrumb\"},\"inLanguage\":\"fr-FR\",\"potentialAction\":[{\"@type\":\"ReadAction\",\"target\":[\"https:\/\/ecohousearchi.com\/nl\/over\/\"]}]},{\"@type\":\"BreadcrumbList\",\"@id\":\"https:\/\/ecohousearchi.com\/nl\/over\/#breadcrumb\",\"itemListElement\":[{\"@type\":\"ListItem\",\"position\":1,\"name\":\"Home\",\"item\":\"https:\/\/ecohousearchi.com\/de\/\"},{\"@type\":\"ListItem\",\"position\":2,\"name\":\"About Us\"}]},{\"@type\":\"WebSite\",\"@id\":\"https:\/\/ecohousearchi.com\/#website\",\"url\":\"https:\/\/ecohousearchi.com\/\",\"name\":\"Eco House\",\"description\":\"Green Living Starts Here\",\"publisher\":{\"@id\":\"https:\/\/ecohousearchi.com\/#organization\"},\"potentialAction\":[{\"@type\":\"SearchAction\",\"target\":{\"@type\":\"EntryPoint\",\"urlTemplate\":\"https:\/\/ecohousearchi.com\/?s={search_term_string}\"},\"query-input\":{\"@type\":\"PropertyValueSpecification\",\"valueRequired\":true,\"valueName\":\"search_term_string\"}}],\"inLanguage\":\"fr-FR\"},{\"@type\":\"Organization\",\"@id\":\"https:\/\/ecohousearchi.com\/#organization\",\"name\":\"Eco House\",\"url\":\"https:\/\/ecohousearchi.com\/\",\"logo\":{\"@type\":\"ImageObject\",\"inLanguage\":\"fr-FR\",\"@id\":\"https:\/\/ecohousearchi.com\/#\/schema\/logo\/image\/\",\"url\":\"https:\/\/ecohousearchi.com\/wp-content\/uploads\/2024\/05\/ecohouselogo-blanc.png\",\"contentUrl\":\"https:\/\/ecohousearchi.com\/wp-content\/uploads\/2024\/05\/ecohouselogo-blanc.png\",\"width\":600,\"height\":400,\"caption\":\"Eco House\"},\"image\":{\"@id\":\"https:\/\/ecohousearchi.com\/#\/schema\/logo\/image\/\"}}]}<\/script>\n<!-- \/ Yoast SEO plugin. -->","yoast_head_json":{"title":"About Us - Eco House","robots":{"index":"index","follow":"follow","max-snippet":"max-snippet:-1","max-image-preview":"max-image-preview:large","max-video-preview":"max-video-preview:-1"},"canonical":"https:\/\/ecohousearchi.com\/fr\/a-propos\/","og_locale":"fr_FR","og_type":"article","og_title":"About Us - Eco House","og_description":"Introduction \u00e0 Nos Structures Mobiles et D\u00f4mes Nous sommes fiers de fabriquer des d\u00f4mes et des structures mobiles con\u00e7us pour","og_url":"https:\/\/ecohousearchi.com\/fr\/a-propos\/","og_site_name":"Eco House","article_modified_time":"2024-06-05T17:53:33+00:00","twitter_card":"summary_large_image","twitter_misc":{"Dur\u00e9e de lecture estim\u00e9e":"2 minutes"},"schema":{"@context":"https:\/\/schema.org","@graph":[{"@type":"WebPage","@id":"https:\/\/ecohousearchi.com\/nl\/over\/","url":"https:\/\/ecohousearchi.com\/nl\/over\/","name":"About Us - Eco House","isPartOf":{"@id":"https:\/\/ecohousearchi.com\/#website"},"datePublished":"2016-11-04T13:06:42+00:00","dateModified":"2024-06-05T17:53:33+00:00","breadcrumb":{"@id":"https:\/\/ecohousearchi.com\/nl\/over\/#breadcrumb"},"inLanguage":"fr-FR","potentialAction":[{"@type":"ReadAction","target":["https:\/\/ecohousearchi.com\/nl\/over\/"]}]},{"@type":"BreadcrumbList","@id":"https:\/\/ecohousearchi.com\/nl\/over\/#breadcrumb","itemListElement":[{"@type":"ListItem","position":1,"name":"Home","item":"https:\/\/ecohousearchi.com\/de\/"},{"@type":"ListItem","position":2,"name":"About Us"}]},{"@type":"WebSite","@id":"https:\/\/ecohousearchi.com\/#website","url":"https:\/\/ecohousearchi.com\/","name":"Maison \u00e9cologique","description":"La vie verte commence ici","publisher":{"@id":"https:\/\/ecohousearchi.com\/#organization"},"potentialAction":[{"@type":"SearchAction","target":{"@type":"EntryPoint","urlTemplate":"https:\/\/ecohousearchi.com\/?s={search_term_string}"},"query-input":{"@type":"PropertyValueSpecification","valueRequired":true,"valueName":"search_term_string"}}],"inLanguage":"fr-FR"},{"@type":"Organization","@id":"https:\/\/ecohousearchi.com\/#organization","name":"Maison \u00e9cologique","url":"https:\/\/ecohousearchi.com\/","logo":{"@type":"ImageObject","inLanguage":"fr-FR","@id":"https:\/\/ecohousearchi.com\/#\/schema\/logo\/image\/","url":"https:\/\/ecohousearchi.com\/wp-content\/uploads\/2024\/05\/ecohouselogo-blanc.png","contentUrl":"https:\/\/ecohousearchi.com\/wp-content\/uploads\/2024\/05\/ecohouselogo-blanc.png","width":600,"height":400,"caption":"Eco House"},"image":{"@id":"https:\/\/ecohousearchi.com\/#\/schema\/logo\/image\/"}}]}},"_links":{"self":[{"href":"https:\/\/ecohousearchi.com\/fr\/wp-json\/wp\/v2\/pages\/216","targetHints":{"allow":["GET"]}}],"collection":[{"href":"https:\/\/ecohousearchi.com\/fr\/wp-json\/wp\/v2\/pages"}],"about":[{"href":"https:\/\/ecohousearchi.com\/fr\/wp-json\/wp\/v2\/types\/page"}],"author":[{"embeddable":true,"href":"https:\/\/ecohousearchi.com\/fr\/wp-json\/wp\/v2\/users\/2"}],"replies":[{"embeddable":true,"href":"https:\/\/ecohousearchi.com\/fr\/wp-json\/wp\/v2\/comments?post=216"}],"version-history":[{"count":7,"href":"https:\/\/ecohousearchi.com\/fr\/wp-json\/wp\/v2\/pages\/216\/revisions"}],"predecessor-version":[{"id":16542,"href":"https:\/\/ecohousearchi.com\/fr\/wp-json\/wp\/v2\/pages\/216\/revisions\/16542"}],"wp:attachment":[{"href":"https:\/\/ecohousearchi.com\/fr\/wp-json\/wp\/v2\/media?parent=216"}],"curies":[{"name":"wp","href":"https:\/\/api.w.org\/{rel}","templated":true}]}}