{"id":216,"date":"2016-11-04T13:06:42","date_gmt":"2016-11-04T13:06:42","guid":{"rendered":"https:\/\/ecohousearchi.com\/?page_id=216"},"modified":"2024-06-05T19:53:33","modified_gmt":"2024-06-05T17:53:33","slug":"over","status":"publish","type":"page","link":"https:\/\/ecohousearchi.com\/nl\/over\/","title":{"rendered":"Over ons"},"content":{"rendered":"<div data-elementor-type=\"wp-page\" data-elementor-id=\"216\" class=\"elementor elementor-216\" data-elementor-post-type=\"page\">\n\t\t\t\t<div class=\"wd-negative-gap elementor-element elementor-element-5b788d54 e-flex e-con-boxed e-con e-parent\" data-id=\"5b788d54\" data-element_type=\"container\" data-e-type=\"container\">\n\t\t\t\t\t<div class=\"e-con-inner\">\n\t\t\t\t<div class=\"elementor-element elementor-element-4c11cb85 color-scheme-inherit text-left elementor-widget elementor-widget-text-editor\" data-id=\"4c11cb85\" data-element_type=\"widget\" data-e-type=\"widget\" data-widget_type=\"text-editor.default\">\n\t\t\t\t\t\t\t\t\t<p><strong>Inleiding \u00e0 nrs Structures Mobiles et D\u00f4mes<\/strong><\/p>\n<p>Sommige fabrikanten van koepels en mobiele structuren zijn ontworpen om te reageren op comfortabele en praktische materialen, die uw identiteit en het ecologische karakter van uw plaatsing behouden. Geen enkele innovatieve structuur biedt moderne architecturale technieken en ecologische garanties, die een unieke ervaring bieden.<\/p>\n<p><strong>Karakteristieken Cl\u00e9s de Nos Structuren:<\/strong><\/p>\n<p>1. <strong>Snelle uitvoering:<\/strong><br \/>\u2013 Het bouwproces is snel, gegarandeerd dat uw structuur een tijdelijke uitdaging is.<\/p>\n<p><strong>2. Garantie voor \u00e9tancheit\u00e9 en phonique-isolatie:<\/strong><br \/>\u2013 U kunt er zeker van zijn dat er een complete en een ge\u00efsoleerde klank is, u kunt een omgeving als een beschermeling aanbieden.<\/p>\n<p><strong>3. Klimaataanpassing:<\/strong><br \/>\u2013 Geen enkele structuur is geschikt voor verschillende klimaten, en omvat de ventilatie, de zon en de chaleur, waardoor het comfort bij alle temperaturen verzekerd is.<\/p>\n<p><strong>4. Identiteitsbescherming:<\/strong><br \/>\u2013 De installatie van een landelijke betalingsvergunning biedt de bescherming van uw identiteit en uw integrale harmonieus gebruik in uw omgeving.<\/p>\n<p><strong>5. Gebruik Polyvalenten:<\/strong><br \/>\u2013 Geen enkele structuur is polyvalent en kan worden gebruikt voor huizen, keukens, reisstations, campings, tijdschriften en nog veel meer.<\/p>\n<p><strong>6. Architectuur en design Abordables:<\/strong><br \/>\u2013 Geen enkele conceptie en realisatie omvat ook uw budget voor logement, garantie voor levensonderhoud zonder compromis met de kwaliteit.<\/p>\n<p><strong>7. Evolutie:<\/strong><br \/>\u2013 Er zijn geen structuren die groots zijn in de vormen en afmetingen, plus de grote functies van onze bestemming en onze gebruiksmogelijkheden.<\/p>\n<p><strong>8. Administratieve doeltreffendheid:<\/strong><br \/>\u2013 Nous nous bezetten de belangrijkste administratieve taken om een vloeiend installatieproces te garanderen zonder administratieve handelingen.<\/p>\n<p><strong>9. Personaliseerbare interieurs:<\/strong><br \/>\u2013 Nieuwe voorstellen voor de basisstructuur van de premi\u00e8refase, met de mogelijkheid om het interieur te personaliseren met uw voorkeuren en ervaringen.<\/p>\n<p><strong>10. Financiering van het project:<\/strong><br \/>\u2013 Er worden meer financieringsopties aangeboden om uw project zonder financi\u00eble tegenprestatie te helpen concretiseren.<\/p>\n<p>Voor meer informatie of om uw project te starten, neem dan contact op met ons <strong>0661-218844<\/strong><\/p>\n<p><strong>Pourquoi Choisir Nos-structuren?<\/strong><\/p>\n<p>Geen enkele mobiele structuur en koepel is niet meer geschikt voor duurzame goederen, maar is aangepast aan uw levensstijl en aan uw milieu. Kies voor uw producten die u investeert in:<\/p>\n<p>&#8211; <strong>Duurzaamheid<\/strong> : Ecologische materialen en bouwmethoden die de impact op het milieu minimaliseren.<br \/>&#8211; <strong>Comfort:<\/strong> Concepties die ge\u00efsoleerd en weerstand bieden aan de tijd bieden een comfortabele ruimte.<br \/>&#8211; <strong>Polyvalentie:<\/strong> Een groot scala aan toepassingen kan op verschillende manieren en omgevingen reageren.<br \/>&#8211; <strong>Uitrustingsmogelijkheden<\/strong> : Verhuuroplossingen zonder compromissen qua kwaliteit en esthetiek.<\/p>\n<p>Neem contact met ons op voor ontdekkingsreizigers over de mogelijkheden van onze mobiele structuren en koepels, en faites le premier pas versus een ruimte van de praktijk, comfortabel en respect voor het milieu.<\/p>\t\t\t\t\t\t\t\t<\/div>\n\t\t\t\t\t<\/div>\n\t\t\t\t<\/div>\n\t\t\t\t<\/div>","protected":false},"excerpt":{"rendered":"<p>Inleiding tot Nos Structures Mobiles en D\u00f4mes Nous sommige fabrikanten van koepels en mobiele structuren zijn con\u00e7us pour<\/p>","protected":false},"author":2,"featured_media":0,"parent":0,"menu_order":0,"comment_status":"closed","ping_status":"closed","template":"","meta":{"footnotes":""},"class_list":["post-216","page","type-page","status-publish","hentry"],"yoast_head":"<!-- This site is optimized with the Yoast SEO plugin v27.0 - https:\/\/yoast.com\/product\/yoast-seo-wordpress\/ -->\n<title>About Us - Eco House<\/title>\n<meta name=\"robots\" content=\"index, follow, max-snippet:-1, max-image-preview:large, max-video-preview:-1\" \/>\n<link rel=\"canonical\" href=\"https:\/\/ecohousearchi.com\/nl\/over\/\" \/>\n<meta property=\"og:locale\" content=\"nl_BE\" \/>\n<meta property=\"og:type\" content=\"article\" \/>\n<meta property=\"og:title\" content=\"About Us - Eco House\" \/>\n<meta property=\"og:description\" content=\"Introduction \u00e0 Nos Structures Mobiles et D\u00f4mes Nous sommes fiers de fabriquer des d\u00f4mes et des structures mobiles con\u00e7us pour\" \/>\n<meta property=\"og:url\" content=\"https:\/\/ecohousearchi.com\/nl\/over\/\" \/>\n<meta property=\"og:site_name\" content=\"Eco House\" \/>\n<meta property=\"article:modified_time\" content=\"2024-06-05T17:53:33+00:00\" \/>\n<meta name=\"twitter:card\" content=\"summary_large_image\" \/>\n<meta name=\"twitter:label1\" content=\"Geschatte leestijd\" \/>\n\t<meta name=\"twitter:data1\" content=\"2 minuten\" \/>\n<script type=\"application\/ld+json\" class=\"yoast-schema-graph\">{\"@context\":\"https:\/\/schema.org\",\"@graph\":[{\"@type\":\"WebPage\",\"@id\":\"https:\/\/ecohousearchi.com\/nl\/over\/\",\"url\":\"https:\/\/ecohousearchi.com\/nl\/over\/\",\"name\":\"About Us - Eco House\",\"isPartOf\":{\"@id\":\"https:\/\/ecohousearchi.com\/#website\"},\"datePublished\":\"2016-11-04T13:06:42+00:00\",\"dateModified\":\"2024-06-05T17:53:33+00:00\",\"breadcrumb\":{\"@id\":\"https:\/\/ecohousearchi.com\/nl\/over\/#breadcrumb\"},\"inLanguage\":\"nl-BE\",\"potentialAction\":[{\"@type\":\"ReadAction\",\"target\":[\"https:\/\/ecohousearchi.com\/nl\/over\/\"]}]},{\"@type\":\"BreadcrumbList\",\"@id\":\"https:\/\/ecohousearchi.com\/nl\/over\/#breadcrumb\",\"itemListElement\":[{\"@type\":\"ListItem\",\"position\":1,\"name\":\"Home\",\"item\":\"https:\/\/ecohousearchi.com\/de\/\"},{\"@type\":\"ListItem\",\"position\":2,\"name\":\"About Us\"}]},{\"@type\":\"WebSite\",\"@id\":\"https:\/\/ecohousearchi.com\/#website\",\"url\":\"https:\/\/ecohousearchi.com\/\",\"name\":\"Eco House\",\"description\":\"Green Living Starts Here\",\"publisher\":{\"@id\":\"https:\/\/ecohousearchi.com\/#organization\"},\"potentialAction\":[{\"@type\":\"SearchAction\",\"target\":{\"@type\":\"EntryPoint\",\"urlTemplate\":\"https:\/\/ecohousearchi.com\/?s={search_term_string}\"},\"query-input\":{\"@type\":\"PropertyValueSpecification\",\"valueRequired\":true,\"valueName\":\"search_term_string\"}}],\"inLanguage\":\"nl-BE\"},{\"@type\":\"Organization\",\"@id\":\"https:\/\/ecohousearchi.com\/#organization\",\"name\":\"Eco House\",\"url\":\"https:\/\/ecohousearchi.com\/\",\"logo\":{\"@type\":\"ImageObject\",\"inLanguage\":\"nl-BE\",\"@id\":\"https:\/\/ecohousearchi.com\/#\/schema\/logo\/image\/\",\"url\":\"https:\/\/ecohousearchi.com\/wp-content\/uploads\/2024\/05\/ecohouselogo-blanc.png\",\"contentUrl\":\"https:\/\/ecohousearchi.com\/wp-content\/uploads\/2024\/05\/ecohouselogo-blanc.png\",\"width\":600,\"height\":400,\"caption\":\"Eco House\"},\"image\":{\"@id\":\"https:\/\/ecohousearchi.com\/#\/schema\/logo\/image\/\"}}]}<\/script>\n<!-- \/ Yoast SEO plugin. -->","yoast_head_json":{"title":"About Us - Eco House","robots":{"index":"index","follow":"follow","max-snippet":"max-snippet:-1","max-image-preview":"max-image-preview:large","max-video-preview":"max-video-preview:-1"},"canonical":"https:\/\/ecohousearchi.com\/nl\/over\/","og_locale":"nl_BE","og_type":"article","og_title":"About Us - Eco House","og_description":"Introduction \u00e0 Nos Structures Mobiles et D\u00f4mes Nous sommes fiers de fabriquer des d\u00f4mes et des structures mobiles con\u00e7us pour","og_url":"https:\/\/ecohousearchi.com\/nl\/over\/","og_site_name":"Eco House","article_modified_time":"2024-06-05T17:53:33+00:00","twitter_card":"summary_large_image","twitter_misc":{"Geschatte leestijd":"2 minuten"},"schema":{"@context":"https:\/\/schema.org","@graph":[{"@type":"WebPage","@id":"https:\/\/ecohousearchi.com\/nl\/over\/","url":"https:\/\/ecohousearchi.com\/nl\/over\/","name":"About Us - Eco House","isPartOf":{"@id":"https:\/\/ecohousearchi.com\/#website"},"datePublished":"2016-11-04T13:06:42+00:00","dateModified":"2024-06-05T17:53:33+00:00","breadcrumb":{"@id":"https:\/\/ecohousearchi.com\/nl\/over\/#breadcrumb"},"inLanguage":"nl-BE","potentialAction":[{"@type":"ReadAction","target":["https:\/\/ecohousearchi.com\/nl\/over\/"]}]},{"@type":"BreadcrumbList","@id":"https:\/\/ecohousearchi.com\/nl\/over\/#breadcrumb","itemListElement":[{"@type":"ListItem","position":1,"name":"Home","item":"https:\/\/ecohousearchi.com\/de\/"},{"@type":"ListItem","position":2,"name":"About Us"}]},{"@type":"WebSite","@id":"https:\/\/ecohousearchi.com\/#website","url":"https:\/\/ecohousearchi.com\/","name":"Eco-huis","description":"Groen leven begint hier","publisher":{"@id":"https:\/\/ecohousearchi.com\/#organization"},"potentialAction":[{"@type":"SearchAction","target":{"@type":"EntryPoint","urlTemplate":"https:\/\/ecohousearchi.com\/?s={search_term_string}"},"query-input":{"@type":"PropertyValueSpecification","valueRequired":true,"valueName":"search_term_string"}}],"inLanguage":"nl-BE"},{"@type":"Organization","@id":"https:\/\/ecohousearchi.com\/#organization","name":"Eco-huis","url":"https:\/\/ecohousearchi.com\/","logo":{"@type":"ImageObject","inLanguage":"nl-BE","@id":"https:\/\/ecohousearchi.com\/#\/schema\/logo\/image\/","url":"https:\/\/ecohousearchi.com\/wp-content\/uploads\/2024\/05\/ecohouselogo-blanc.png","contentUrl":"https:\/\/ecohousearchi.com\/wp-content\/uploads\/2024\/05\/ecohouselogo-blanc.png","width":600,"height":400,"caption":"Eco House"},"image":{"@id":"https:\/\/ecohousearchi.com\/#\/schema\/logo\/image\/"}}]}},"_links":{"self":[{"href":"https:\/\/ecohousearchi.com\/nl\/wp-json\/wp\/v2\/pages\/216","targetHints":{"allow":["GET"]}}],"collection":[{"href":"https:\/\/ecohousearchi.com\/nl\/wp-json\/wp\/v2\/pages"}],"about":[{"href":"https:\/\/ecohousearchi.com\/nl\/wp-json\/wp\/v2\/types\/page"}],"author":[{"embeddable":true,"href":"https:\/\/ecohousearchi.com\/nl\/wp-json\/wp\/v2\/users\/2"}],"replies":[{"embeddable":true,"href":"https:\/\/ecohousearchi.com\/nl\/wp-json\/wp\/v2\/comments?post=216"}],"version-history":[{"count":7,"href":"https:\/\/ecohousearchi.com\/nl\/wp-json\/wp\/v2\/pages\/216\/revisions"}],"predecessor-version":[{"id":16542,"href":"https:\/\/ecohousearchi.com\/nl\/wp-json\/wp\/v2\/pages\/216\/revisions\/16542"}],"wp:attachment":[{"href":"https:\/\/ecohousearchi.com\/nl\/wp-json\/wp\/v2\/media?parent=216"}],"curies":[{"name":"wp","href":"https:\/\/api.w.org\/{rel}","templated":true}]}}